{"id":6478,"date":"2019-02-11T16:01:59","date_gmt":"2019-02-11T16:01:59","guid":{"rendered":"https:\/\/restorantveranda.al\/?page_id=6478"},"modified":"2019-04-22T10:49:04","modified_gmt":"2019-04-22T10:49:04","slug":"veranda-qtu","status":"publish","type":"page","link":"https:\/\/restorantveranda.al\/?page_id=6478&lang=de","title":{"rendered":"Veranda QTU"},"content":{"rendered":"<div class=\"divider one\">&nbsp;<\/div>\n<div  class=\"one\" style=\"padding:30px 0 30px 0;\" >\n<div class=\"standard_wrapper\">\n<div class=\"page_content_wrapper\">\n<div class=\"inner\">\n<div class=\"one_half\">\n<div class=\"image_classic_frame expand animate\">\n<div class=\"image_wrapper\"><a href=\"https:\/\/restorantveranda.al\/wp-content\/uploads\/2019\/02\/Untitled-1-2.jpg\" class=\"img_frame\"><img decoding=\"async\" src=\"https:\/\/restorantveranda.al\/wp-content\/uploads\/2019\/02\/Untitled-1-2.jpg\" class=\"portfolio_img\" alt=\"\"\/><\/a><\/div>\n<\/div>\n<\/div>\n<div class=\"one_half last content_middle animate\">\n<h2>Veranda<\/h2>\n<p>Veranda QTU ist etwas ganz anderes, was Sie noch nie gesehen haben<br \/>\nUnser mediterranes und italienisches Men\u00fc sowie unsere frischen Bio-Lebensmittel mit einer f\u00fcr jeden Geschmack unterschiedlichen Vielfalt basieren auf einem kultivierten und schnellen Service, gepaart mit vorbildlicher Sauberkeit und \u00c4sthetik\n<\/div>\n<p><br class=\"clear\"\/><\/div>\n<\/div>\n<\/div>\n<\/div>\n<div class=\"divider one\">&nbsp;<\/div>\n<div id=\"ppb_header_video1555930144475365851\" class=\"one withsmallpadding ppb_header_video \" style=\"text-align:center;padding:30px 0 30px 0;;height:75vh;position:relative;\" >\n<div class=\"background_center_title_wrapper\" style=\"z-index:3;position:relative;\">\n<div class=\"title_content\"><\/div>\n<\/div>\n<\/div>\n<\/div>\n<p><script>\n\t\t    jQuery(document).ready(function(){ \n\t\t    \tjQuery(\"#ppb_header_video1555930144475365851\").vide({mp4: \"https:\/\/restorantveranda.al\/wp-content\/uploads\/2019\/04\/veranda-25-shkurt-2019.mp4\",\n\t\t    \t      volumne: 0\n\t\t    \t});\n\t\t    });\n\t\t<\/script><\/p>\n<div class=\"divider one\">&nbsp;<\/div>\n<div class=\"divider one\">&nbsp;<\/div>\n<div  class=\"one\" style=\"padding:30px 0 30px 0;\" >\n<div class=\"standard_wrapper\">\n<div class=\"page_content_wrapper\">\n<div class=\"inner\">\n<div class=\"one_half content_middle animate textright\">\n<h2>Veranda Restaurant <\/h2>\n<p>Wir versuchen unser Bestes, um so perfekt wie m\u00f6glich zu sein und ein hohes Gef\u00fchl der Gastfreundschaft aller zu schaffen. Veranda hat diese Qualit\u00e4t, sobald Sie kommen, werden Sie immer kommen wollen! Teilen Sie die Liebe zum Essen in unseren Restaurants Veranda Teg und QTU.<\/p><\/div>\n<div class=\"one_half last\">\n<div class=\"image_classic_frame expand animate\">\n<div class=\"image_wrapper\"><a href=\"https:\/\/restorantveranda.al\/wp-content\/uploads\/2019\/02\/0N2A5113.jpg\" class=\"img_frame\"><img decoding=\"async\" src=\"https:\/\/restorantveranda.al\/wp-content\/uploads\/2019\/02\/0N2A5113.jpg\" class=\"portfolio_img\" alt=\"\"\/><\/a><\/div>\n<\/div>\n<\/div>\n<p><br class=\"clear\"\/><\/div>\n<\/div>\n<\/div>\n<\/div>\n<div  class=\"one\">Empty gallery item. Please make sure you have upload image to it or check the short code.<\/div>\n","protected":false},"excerpt":{"rendered":"<p>&nbsp; Veranda Veranda QTU ist etwas ganz anderes, was Sie noch nie gesehen haben Unser mediterranes und italienisches Men\u00fc sowie unsere frischen Bio-Lebensmittel mit einer f\u00fcr jeden Geschmack unterschiedlichen Vielfalt basieren auf einem kultivierten und schnellen Service, gepaart mit vorbildlicher [&hellip;]<\/p>\n","protected":false},"author":2,"featured_media":6480,"parent":0,"menu_order":0,"comment_status":"closed","ping_status":"closed","template":"","meta":{"footnotes":""},"class_list":["post-6478","page","type-page","status-publish","has-post-thumbnail","hentry"],"_links":{"self":[{"href":"https:\/\/restorantveranda.al\/index.php?rest_route=\/wp\/v2\/pages\/6478","targetHints":{"allow":["GET"]}}],"collection":[{"href":"https:\/\/restorantveranda.al\/index.php?rest_route=\/wp\/v2\/pages"}],"about":[{"href":"https:\/\/restorantveranda.al\/index.php?rest_route=\/wp\/v2\/types\/page"}],"author":[{"embeddable":true,"href":"https:\/\/restorantveranda.al\/index.php?rest_route=\/wp\/v2\/users\/2"}],"replies":[{"embeddable":true,"href":"https:\/\/restorantveranda.al\/index.php?rest_route=%2Fwp%2Fv2%2Fcomments&post=6478"}],"version-history":[{"count":12,"href":"https:\/\/restorantveranda.al\/index.php?rest_route=\/wp\/v2\/pages\/6478\/revisions"}],"predecessor-version":[{"id":7143,"href":"https:\/\/restorantveranda.al\/index.php?rest_route=\/wp\/v2\/pages\/6478\/revisions\/7143"}],"wp:featuredmedia":[{"embeddable":true,"href":"https:\/\/restorantveranda.al\/index.php?rest_route=\/wp\/v2\/media\/6480"}],"wp:attachment":[{"href":"https:\/\/restorantveranda.al\/index.php?rest_route=%2Fwp%2Fv2%2Fmedia&parent=6478"}],"curies":[{"name":"wp","href":"https:\/\/api.w.org\/{rel}","templated":true}]}}