{"id":6368,"date":"2019-02-12T18:54:54","date_gmt":"2019-02-12T18:54:54","guid":{"rendered":"https:\/\/restorantveranda.al\/?page_id=6368"},"modified":"2022-08-17T12:13:48","modified_gmt":"2022-08-17T12:13:48","slug":"restoranti","status":"publish","type":"page","link":"https:\/\/restorantveranda.al\/?page_id=6368&lang=de","title":{"rendered":"Restaurant"},"content":{"rendered":"<div class=\"divider one\">&nbsp;<\/div>\n<div  class=\"one withsmallpadding ppb_text\" style=\"padding:30px 0 30px 0;\" >\n<div class=\"standard_wrapper\">\n<div class=\"page_content_wrapper\">\n<div class=\"inner\">\n<div style=\"margin:auto;width:100%\">\n<p style=\"text-align: center;\"><a class=\"button\" href=\"#hyrese\" style=\"background-color:#cfa670eb; width: 210px;margin: 10px;\">VORSPEISEN, SALATE, SUPPEN<\/a> <a class=\"button\" href=\"#pasta\" style=\"background-color:#cfa670eb; width: 210px;margin: 10px;\">PASTA &#038; RISOTTO<\/a> <a class=\"button\" href=\"#pica\" style=\"background-color:#cfa670eb; width: 210px;margin: 10px;\">Pizza<\/a> <a class=\"button\" href=\"#kryesore\"style=\"background-color:#cfa670eb; width: 210px;margin: 10px;\">HAUPTSPEISEN<\/a> <a class=\"button\" href=\"#embelsira\"style=\"background-color:#cfa670eb; width: 210px;margin: 10px;\">GEGRILLT<\/a><\/p>\n<\/div>\n<\/div>\n<\/div>\n<\/div>\n<\/div>\n<div  class=\"one withsmallpadding ppb_text\" style=\"padding:30px 0 30px 0;\" >\n<div class=\"standard_wrapper\">\n<div class=\"page_content_wrapper\">\n<div class=\"inner\">\n<div style=\"margin:auto;width:100%\">\n<h5 id=hyrese>VORSPEISEN<\/h5>\n<div class=\"tabs\">\n<ul>\n<li><a href=\"#tabs-1\">VORSPEISEN <\/a><\/li>\n<li><a href=\"#tabs-2\">SALATE<\/a><\/li>\n<li><a href=\"#tabs-3\">SUPPEN<\/a><\/li>\n<\/ul>\n<div id=\"tabs-1\" class=\"tab_wrapper\"><br class=\"clear\"\/><\/p>\n<table>\n<tbody>\n<tr>\n<th>VORSPEISEN<\/th>\n<th>PREIS<\/th>\n<\/tr>\n<tr>\n<td>Wei\u00dfer K\u00e4se (gebraten in Mandeln und Chilisauce gewickelt)\n         <\/td>\n<td>580L<\/td>\n<\/tr>\n<tr>\n<td>Chicken Wings mit Kartoffeln und Chilisauce<\/td>\n<td>600L<\/td>\n<\/tr>\n<tr>\n<td>Caprese (Tomaten, Mozzarella, Pesto und Balsamicocreme)<\/td>\n<td>650L<\/td>\n<\/tr>\n<tr>\n<td>S\u00fc\u00dfkartoffeln (Avocado, Mozzarella, Tomaten)<\/td>\n<td>750L<\/td>\n<\/tr>\n<tr>\n<td>Guacamole mit Nachos f\u00fcr 2 Personen (Avocado, Tomate, Zwiebel, Limette, Knoblauch)<\/td>\n<td>850L<\/td>\n<\/tr>\n<tr>\n<td>Lachs (mit Sesam und Avocadocreme)<\/td>\n<td>880L<\/td>\n<\/tr>\n<tr>\n<td>Garnelenauflauf (mit Pana und K\u00e4se)<\/td>\n<td>950L<\/td>\n<\/tr>\n<tr>\n<td>Speck-K\u00e4se-Mischung f\u00fcr 2 und 3 Personen<\/td>\n<td>1400\/1600L<\/td>\n<\/tr>\n<\/tbody>\n<\/table>\n<\/div>\n<div id=\"tabs-2\" class=\"tab_wrapper\"><br class=\"clear\"\/><\/p>\n<table>\n<tbody>\n<tr>\n<th>SALATE<\/th>\n<th>PREIS<\/th>\n<\/tr>\n<tr>\n<td>Griechischer Salat (gr\u00fcner Salat, Tomaten, Gurken, Paprika, Wei\u00dfk\u00e4se, Oliven)<\/td>\n<td>580L<\/td>\n<\/tr>\n<tr>\n<td>Antioxidantien (Rucola, Mango, Granatapfel, Dressing)<\/td>\n<td>680L<\/td>\n<\/tr>\n<tr>\n<td>Rucola (\u00c4pfel, Briek\u00e4se, Heidelbeermarmelade, ger\u00f6stete Mandelsplitter, Dressing)<\/td>\n<td>680L<\/td>\n<\/tr>\n<tr>\n<td>Caesar (Huhn, Pancetta, Geizhals, Pomodorini, Cruotons, Sauce)<\/td>\n<td>700L<\/td>\n<\/tr>\n<tr>\n<td>Bunter Salatmix (Avocado, Chicken, Pancetta, Gouda, Eier und Dressing)<\/td>\n<td>750L<\/td>\n<\/tr>\n<tr>\n<td>Bunter R\u00e4ucherlachs (Avocado, Sesam, Mais, Pomodorini, Dressing) serviert in hausgemachter Brotschale<\/td>\n<td>850L<\/td>\n<\/tr>\n<tr>\n<td>Garnelen-Avocado-Salat (Spinat, Eisbergsalat, Baldrian, Rucola, Pomodorini, Mais, Dressing)<\/td>\n<td>880L<\/td>\n<\/tr>\n<\/tbody>\n<\/table>\n<\/div>\n<div id=\"tabs-3\" class=\"tab_wrapper\"><br class=\"clear\"\/><\/p>\n<table>\n<tbody>\n<tr>\n<th>SUPPEN<\/th>\n<th>PREIS<\/th>\n<\/tr>\n<tr>\n<td>GEM\u00dcSESUPPE<\/td>\n<td>400L<\/td>\n<\/tr>\n<tr>\n<td>H\u00fchnercreme<\/td>\n<td>400L<\/td>\n<\/tr>\n<tr>\n<td>Fischsuppe mit gem\u00fcse<\/td>\n<td>500L<\/td>\n<\/tr>\n<\/tbody>\n<\/table>\n<\/div>\n<\/div>\n<\/div>\n<\/div>\n<\/div>\n<\/div>\n<\/div>\n<div  class=\"one\" style=\"padding:30px 0 30px 0;\" >\n<div class=\"slider_wrapper\" style=\"height:500px;\">\n<div class=\"flexslider tg_gallery\" data-height=\"500\">\n<ul class=\"slides\">\n<li><img decoding=\"async\" src=\"https:\/\/restorantveranda.al\/wp-content\/uploads\/2019\/02\/MG_4923-2.jpg\" alt=\"\" style=\"width:100%;\"\/>\n<div class=\"gallery_image_caption\">\n<h2><\/h2>\n<\/div>\n<\/li>\n<li><img decoding=\"async\" src=\"https:\/\/restorantveranda.al\/wp-content\/uploads\/2019\/02\/MG_4944.jpg\" alt=\"\" style=\"width:100%;\"\/>\n<div class=\"gallery_image_caption\">\n<h2><\/h2>\n<\/div>\n<\/li>\n<li><img decoding=\"async\" src=\"https:\/\/restorantveranda.al\/wp-content\/uploads\/2019\/02\/MG_4974.jpg\" alt=\"\" style=\"width:100%;\"\/>\n<div class=\"gallery_image_caption\">\n<h2><\/h2>\n<\/div>\n<\/li>\n<li><img decoding=\"async\" src=\"https:\/\/restorantveranda.al\/wp-content\/uploads\/2019\/02\/MG_5079.jpg\" alt=\"\" style=\"width:100%;\"\/>\n<div class=\"gallery_image_caption\">\n<h2><\/h2>\n<\/div>\n<\/li>\n<li><img decoding=\"async\" src=\"https:\/\/restorantveranda.al\/wp-content\/uploads\/2019\/02\/supat.jpg\" alt=\"\" style=\"width:100%;\"\/>\n<div class=\"gallery_image_caption\">\n<h2><\/h2>\n<\/div>\n<\/li>\n<\/ul>\n<\/div>\n<\/div>\n<\/div>\n<div  class=\"one withsmallpadding ppb_text\" style=\"padding:30px 0 30px 0;\" >\n<div class=\"standard_wrapper\">\n<div class=\"page_content_wrapper\">\n<div class=\"inner\">\n<div style=\"margin:auto;width:100%\">\n<h5 id=pasta>PASTA &#038; RISOTTO<\/h5>\n<\/p>\n<div class=\"tabs\">\n<ul>\n<li><a href=\"#tabs-1\">FRISCHE PASTAS <\/a><\/li>\n<li><a href=\"#tabs-2\">RISOTTO<\/a><\/li>\n<\/ul>\n<div id=\"tabs-1\" class=\"tab_wrapper\"><br class=\"clear\"\/><\/p>\n<table>\n<tr>\n<th>FRISCHE PASTAS<\/th>\n<th>PREIS<\/th>\n<\/tr>\n<tr>\n<td>Spaghetti Aglio, Olio, Peperoncino<\/td>\n<td>600L<\/td>\n<\/tr>\n<tr>\n<td>PENNE (Bolognese)<\/td>\n<td>700L<\/td>\n<\/tr>\n<tr>\n<td>Spaghetti Napolitan (Pomodorini, Grana Padana, Knoblauch)<\/td>\n<td>700L<\/td>\n<\/tr>\n<tr>\n<td>H\u00fchnchen-Cassarece (Rucola, Semmelbr\u00f6sel, Tomaten, Knoblauch, Ingwer-Padano)<\/td>\n<td>700L<\/td>\n<\/tr>\n<tr>\n<td>Ravioli mit Tr\u00fcffeln (pana)<\/td>\n<td>700L<\/td>\n<\/tr>\n<tr>\n<td>Tagliatelle (mit K\u00fcrbis, Garnelen, Mandeln, Tomaten)<\/td>\n<td>800L<\/td>\n<\/tr>\n<tr>\n<td>Linguine mit Tr\u00fcffeln &#038; Garnelen (Tomaten)<\/td>\n<td>850L<\/td>\n<\/tr>\n<tr>\n<td>Calamaretti mit Garnelen &#038; Steinpilzen (grana padano)<\/td>\n<td>850L<\/td>\n<\/tr>\n<tr>\n<td>Linguine mit Lachs (Pana, Pomodorini, Chardonnay, Knoblauch)<\/td>\n<td>850L<\/td>\n<\/tr>\n<tr>\n<td>Spaghetti me krem Avokado dhe Karkalec<\/td>\n<td>850L<\/td>\n<\/tr>\n<\/table>\n<\/div>\n<div id=\"tabs-2\" class=\"tab_wrapper\"><br class=\"clear\"\/><\/p>\n<table>\n<tr>\n<th>RISOTTO<\/th>\n<th>PREIS<\/th>\n<\/tr>\n<tr>\n<td>Risotto-Gem\u00fcse &#038; Mandeln<\/td>\n<td>650L<\/td>\n<\/tr>\n<tr>\n<td>Integral Risotto mit Huhn und Currysauce (Pana)<\/td>\n<td>750L<\/td>\n<\/tr>\n<tr>\n<td>Risotto mit Steinpilzen (Pomodorini, Grana Padano)<\/td>\n<td>750L<\/td>\n<\/tr>\n<tr>\n<td>Risotto Garnelen und Zitrone (Granatapfel)<\/td>\n<td>750L<\/td>\n<\/tr>\n<\/table>\n<\/div>\n<\/div>\n<\/div>\n<\/div>\n<\/div>\n<\/div>\n<\/div>\n<div  class=\"one\" style=\"padding:30px 0 30px 0;\" >\n<div class=\"slider_wrapper\" style=\"height:500px;\">\n<div class=\"flexslider tg_gallery\" data-height=\"500\">\n<ul class=\"slides\">\n<li><img decoding=\"async\" src=\"https:\/\/restorantveranda.al\/wp-content\/uploads\/2019\/02\/MG_4967.jpg\" alt=\"\" style=\"width:100%;\"\/>\n<div class=\"gallery_image_caption\">\n<h2><\/h2>\n<\/div>\n<\/li>\n<li><img decoding=\"async\" src=\"https:\/\/restorantveranda.al\/wp-content\/uploads\/2019\/02\/MG_5018.jpg\" alt=\"\" style=\"width:100%;\"\/>\n<div class=\"gallery_image_caption\">\n<h2><\/h2>\n<\/div>\n<\/li>\n<li><img decoding=\"async\" src=\"https:\/\/restorantveranda.al\/wp-content\/uploads\/2019\/02\/MG_5108.jpg\" alt=\"\" style=\"width:100%;\"\/>\n<div class=\"gallery_image_caption\">\n<h2><\/h2>\n<\/div>\n<\/li>\n<li><img decoding=\"async\" src=\"https:\/\/restorantveranda.al\/wp-content\/uploads\/2019\/02\/MG_5115.jpg\" alt=\"\" style=\"width:100%;\"\/>\n<div class=\"gallery_image_caption\">\n<h2><\/h2>\n<\/div>\n<\/li>\n<li><img decoding=\"async\" src=\"https:\/\/restorantveranda.al\/wp-content\/uploads\/2019\/02\/MG_5179.jpg\" alt=\"\" style=\"width:100%;\"\/>\n<div class=\"gallery_image_caption\">\n<h2><\/h2>\n<\/div>\n<\/li>\n<li><img decoding=\"async\" src=\"https:\/\/restorantveranda.al\/wp-content\/uploads\/2019\/02\/MG_5207.jpg\" alt=\"\" style=\"width:100%;\"\/>\n<div class=\"gallery_image_caption\">\n<h2><\/h2>\n<\/div>\n<\/li>\n<\/ul>\n<\/div>\n<\/div>\n<\/div>\n<div  class=\"one withsmallpadding ppb_text\" style=\"padding:30px 0 30px 0;\" >\n<div class=\"standard_wrapper\">\n<div class=\"page_content_wrapper\">\n<div class=\"inner\">\n<div style=\"margin:auto;width:100%\">\n<h5 id=pica>PIZZA<\/h5>\n<\/p>\n<div class=\"tabs\">\n<ul>\n<li><a href=\"#tabs-1\">PIZZA AUSDEMHOLZOFEN<\/a><\/li>\n<\/ul>\n<div id=\"tabs-1\" class=\"tab_wrapper\"><br class=\"clear\"\/><\/p>\n<table>\n<tr>\n<th>PIZZA<\/th>\n<th>PRISE<\/th>\n<\/tr>\n<tr>\n<td>FOCACCIA MIT OLIVEN\u00d6L UND OREGANO<\/td>\n<td>400L<\/td>\n<\/tr>\n<tr>\n<td>FOCACCIA MIT FETAK\u00c4SE<\/td>\n<td>450L<\/td>\n<\/tr>\n<tr>\n<td>FOCACCIA MIT TOMATEN UND FETAK\u00c4SE<\/td>\n<td>500L<\/td>\n<\/tr>\n<tr>\n<td>FOCACCIA MIT DREI VERSCHIEDENEN SAUCEN<\/td>\n<td>600L<\/td>\n<\/tr>\n<tr>\n<td>MARGHERITA<br \/>(Tomatensauce, Mozzarella)<\/td>\n<td>650L<\/td>\n<\/tr>\n<tr>\n<td>PROCIUTTO COTTO<br \/>(Mozzarella, Schinken, Tomaten)<\/td>\n<td>650L<\/td>\n<\/tr>\n<tr>\n<td>VEGETARIANA<br \/>(Zucchini, Tomaten, Paprika, Ruccola)<\/td>\n<td>650L<\/td>\n<\/tr>\n<tr>\n<td>PROCIUTTO UND SALAMI<br \/>(Vorderschinken und Salami)<\/td>\n<td>700L<\/td>\n<\/tr>\n<tr>\n<td>DIAVOLA MIT PIKANTER SALAMI UND OLIVEN<\/td>\n<td>700L<\/td>\n<\/tr>\n<tr>\n<td>CAPPRICIOSA<br \/>(Vorderschinken, Salami Und Frische Champignons)<\/td>\n<td>700L<\/td>\n<\/tr>\n<tr>\n<td>4 STAGGIONI<br \/>(Vorderschinken, Tuna, Champignons, Artischocken)<\/td>\n<td>700L<\/td>\n<\/tr>\n<tr>\n<td>TUNA<br \/>(Tuna, Zwiebeln, Oliven, Feta)<\/td>\n<td>700L<\/td>\n<\/tr>\n<tr>\n<td>4 KASESORTEN<br \/>(Grana,Gorgonzola,Scamorza, Mozzarella)<\/td>\n<td>750L<\/td>\n<\/tr>\n<tr>\n<td>PIZZA SORRISO<br \/>(spinat, wei\u00dfk\u00e4se, h\u00fchnerspeck, geschnittene oliven, cherrytomaten)<\/td>\n<td>800L<\/td>\n<\/tr>\n<tr>\n<td>ELEGANZ<br \/>(Ruccola, Vorderschinken, Pomodorini, Grana)<\/td>\n<td>800L<\/td>\n<\/tr>\n<tr>\n<td>PIZZA MERAVIGLIOSA<br \/>(Mozzarella, Tr\u00fcffel, Speck, Gorgonzola, Parmesan)<\/td>\n<td>850L<\/td>\n<\/tr>\n<tr>\n<td>VERANDA 4 GUSTI<br \/>(Picante Salami, Speck, Paprika, Meis, Grana, Tr\u00fcffelcreme, Ruccola, Oliven, Kirschtomaten)<\/td>\n<td>950L<\/td>\n<\/tr>\n<\/table>\n<\/div>\n<\/div>\n<\/div>\n<\/div>\n<\/div>\n<\/div>\n<\/div>\n<div  class=\"one\" style=\"padding:30px 0 30px 0;\" >\n<div class=\"slider_wrapper\" style=\"height:500px;\">\n<div class=\"flexslider tg_gallery\" data-height=\"500\">\n<ul class=\"slides\">\n<li><img decoding=\"async\" src=\"https:\/\/restorantveranda.al\/wp-content\/uploads\/2019\/02\/MG_5056.jpg\" alt=\"\" style=\"width:100%;\"\/>\n<div class=\"gallery_image_caption\">\n<h2><\/h2>\n<\/div>\n<\/li>\n<li><img decoding=\"async\" src=\"https:\/\/restorantveranda.al\/wp-content\/uploads\/2019\/02\/MG_5063.jpg\" alt=\"\" style=\"width:100%;\"\/>\n<div class=\"gallery_image_caption\">\n<h2><\/h2>\n<\/div>\n<\/li>\n<li><img decoding=\"async\" src=\"https:\/\/restorantveranda.al\/wp-content\/uploads\/2019\/02\/MG_5072.jpg\" alt=\"\" style=\"width:100%;\"\/>\n<div class=\"gallery_image_caption\">\n<h2><\/h2>\n<\/div>\n<\/li>\n<\/ul>\n<\/div>\n<\/div>\n<\/div>\n<div  class=\"one withsmallpadding ppb_text\" style=\"padding:30px 0 30px 0;\" >\n<div class=\"standard_wrapper\">\n<div class=\"page_content_wrapper\">\n<div class=\"inner\">\n<div style=\"margin:auto;width:100%\">\n<h5 id=kryesore>HAUPTSPEISEN<\/h5>\n<\/p>\n<div class=\"tabs\">\n<ul>\n<li><a href=\"#tabs-1\">HAUPTSPEISEN <\/a><\/li>\n<li><a href=\"#tabs-2\">GEGRILLT<\/a><\/li>\n<li><a href=\"#tabs-3\">TRADITIONELLES<\/a><\/li>\n<\/ul>\n<div id=\"tabs-1\" class=\"tab_wrapper\"><br class=\"clear\"\/><\/p>\n<table>\n<tr>\n<th>HAUPTSPEISEN<\/th>\n<th>PREIS<\/th>\n<\/tr>\n<tr>\n<td>Veranda Burger (Rindfleisch, rote Zwiebel, Gurke, Gew\u00fcrzgurke, Tomate, gr\u00fcner Salat, Weichk\u00e4se, Dressing und Kartoffeln)<\/td>\n<td>700L<\/td>\n<\/tr>\n<tr>\n<td>Chicken Meat Burger (Eier, Mais, Frischk\u00e4se und Dressing begleitet von Kartoffeln)<\/td>\n<td>700L<\/td>\n<\/tr>\n<tr>\n<td>H\u00e4hnchenfilet (mariniert mit Soja, Sesam, dazu Basmatireis)<\/td>\n<td>950L<\/td>\n<\/tr>\n<tr>\n<td>H\u00e4hnchenschnitzel (begleitet von heute Spinat und Pinienst\u00e4bchen)<\/td>\n<td>1000L<\/td>\n<\/tr>\n<tr>\n<td>Tagliata Vici (Rucola und Grana Padano)<\/td>\n<td>1100L<\/td>\n<\/tr>\n<tr>\n<td>Vici-Fleischschnitzel (heute begleitet von Spinat und Pinienstiften)<\/td>\n<td>1350L<\/td>\n<\/tr>\n<tr>\n<td>Wolfsbarschfilet (mit Sellerie und Chardonnay-Wurzeln)<\/td>\n<td>1400L<\/td>\n<\/tr>\n<tr>\n<td>Garnelen (mit Quinoa im Ofen und Zitrone)<\/td>\n<td>1450L<\/td>\n<\/tr>\n<tr>\n<td>Gebackene Lachsfilets (Kartoffeln, Tomaten, Kapern, Karotten, Petersilie)<\/td>\n<td>1550L<\/td>\n<\/tr>\n<tr>\n<td>Gegrillter Lachs (mit Avocadosauce, begleitet von einer integrierten Reismischung)<\/td>\n<td>1550L<\/td>\n<\/tr>\n<\/table>\n<\/div>\n<div id=\"tabs-2\" class=\"tab_wrapper\"><br class=\"clear\"\/><\/p>\n<table>\n<tr>\n<th>GEGRILLT<\/th>\n<th>PREIS<\/th>\n<\/tr>\n<tr>\n<td>H\u00c4HNCHENFILET<\/td>\n<td>950L<\/td>\n<\/tr>\n<tr>\n<td>RINDERSTEAK\/td><\/p>\n<td>1100L<\/td>\n<\/tr>\n<tr>\n<td>RINDERFILET<\/td>\n<td>1150L<\/td>\n<\/tr>\n<\/table>\n<\/div>\n<div id=\"tabs-3\" class=\"tab_wrapper\"><br class=\"clear\"\/><\/p>\n<table>\n<tr>\n<th>TRADITIONELLES<\/th>\n<th>PREIS<\/th>\n<\/tr>\n<tr>\n<td>Mariniertes Gem\u00fcse mit Wei\u00dfk\u00e4se<\/td>\n<td>550L<\/td>\n<\/tr>\n<tr>\n<td>Wei\u00dfer Ofenk\u00e4se<\/td>\n<td>550L<\/td>\n<\/tr>\n<tr>\n<td>KASHKAVALL-K\u00c4SE<\/td>\n<td>550L<\/td>\n<\/tr>\n<tr>\n<td>FLEISCHB\u00c4LLCHENAUSKORCA<\/td>\n<td>550L<\/td>\n<\/tr>\n<tr>\n<td>BLATTSPINATAUSDEMOFEN<\/td>\n<td>550L<\/td>\n<\/tr>\n<\/table>\n<\/div>\n<\/div>\n<\/div>\n<\/div>\n<\/div>\n<\/div>\n<\/div>\n<div  class=\"one\" style=\"padding:30px 0 30px 0;\" >\n<div class=\"slider_wrapper\" style=\"height:500px;\">\n<div class=\"flexslider tg_gallery\" data-height=\"500\">\n<ul class=\"slides\">\n<li><img decoding=\"async\" src=\"https:\/\/restorantveranda.al\/wp-content\/uploads\/2019\/03\/WhatsApp-Image-2019-03-22-at-10.21.56.jpeg\" alt=\"\" style=\"width:100%;\"\/>\n<div class=\"gallery_image_caption\">\n<h2><\/h2>\n<\/div>\n<\/li>\n<li><img decoding=\"async\" src=\"https:\/\/restorantveranda.al\/wp-content\/uploads\/2019\/02\/MG_5012-1.jpg\" alt=\"\" style=\"width:100%;\"\/>\n<div class=\"gallery_image_caption\">\n<h2><\/h2>\n<\/div>\n<\/li>\n<li><img decoding=\"async\" src=\"https:\/\/restorantveranda.al\/wp-content\/uploads\/2019\/02\/MG_5028.jpg\" alt=\"\" style=\"width:100%;\"\/>\n<div class=\"gallery_image_caption\">\n<h2><\/h2>\n<\/div>\n<\/li>\n<li><img decoding=\"async\" src=\"https:\/\/restorantveranda.al\/wp-content\/uploads\/2019\/02\/MG_5159.jpg\" alt=\"\" style=\"width:100%;\"\/>\n<div class=\"gallery_image_caption\">\n<h2><\/h2>\n<\/div>\n<\/li>\n<li><img decoding=\"async\" src=\"https:\/\/restorantveranda.al\/wp-content\/uploads\/2019\/02\/MG_5217.jpg\" alt=\"\" style=\"width:100%;\"\/>\n<div class=\"gallery_image_caption\">\n<h2><\/h2>\n<\/div>\n<\/li>\n<li><img decoding=\"async\" src=\"https:\/\/restorantveranda.al\/wp-content\/uploads\/2019\/02\/MG_5270.jpg\" alt=\"\" style=\"width:100%;\"\/>\n<div class=\"gallery_image_caption\">\n<h2><\/h2>\n<\/div>\n<\/li>\n<li><img decoding=\"async\" src=\"https:\/\/restorantveranda.al\/wp-content\/uploads\/2019\/02\/supat.jpg\" alt=\"\" style=\"width:100%;\"\/>\n<div class=\"gallery_image_caption\">\n<h2><\/h2>\n<\/div>\n<\/li>\n<li><img decoding=\"async\" src=\"https:\/\/restorantveranda.al\/wp-content\/uploads\/2019\/03\/thumbnail-1.jpg\" alt=\"\" style=\"width:100%;\"\/>\n<div class=\"gallery_image_caption\">\n<h2><\/h2>\n<\/div>\n<\/li>\n<li><img decoding=\"async\" src=\"https:\/\/restorantveranda.al\/wp-content\/uploads\/2019\/02\/thumbnail-1-1.jpg\" alt=\"\" style=\"width:100%;\"\/>\n<div class=\"gallery_image_caption\">\n<h2><\/h2>\n<\/div>\n<\/li>\n<\/ul>\n<\/div>\n<\/div>\n<\/div>\n<div  class=\"one withsmallpadding ppb_text\" style=\"padding:30px 0 30px 0;\" >\n<div class=\"standard_wrapper\">\n<div class=\"page_content_wrapper\">\n<div class=\"inner\">\n<div style=\"margin:auto;width:100%\">\n<h5 id=embelsira>DESSERTS<\/h5>\n<\/p>\n<div class=\"tabs\">\n<ul>\n<li><a href=\"#tabs-1\">DESSERTS <\/a><\/li>\n<\/ul>\n<div id=\"tabs-1\" class=\"tab_wrapper\"><br class=\"clear\"\/><\/p>\n<table>\n<tr>\n<th>DESSERTS<\/th>\n<th>PRISE<\/th>\n<\/tr>\n<tr>\n<td>CR\u00c8ME BR\u00dbL\u00c9E<\/td>\n<td>350L<\/td>\n<\/tr>\n<tr>\n<td>PANNA COTTA (MIT BEEREN)<\/td>\n<td>350L<\/td>\n<\/tr>\n<tr>\n<td>CHEESE CAKE<\/td>\n<td>400L<\/td>\n<\/tr>\n<tr>\n<td>TIRAMISU\u2019<\/td>\n<td>450L<\/td>\n<\/tr>\n<tr>\n<td>SOUFFL\u00c9<\/td>\n<td>450L<\/td>\n<\/tr>\n<tr>\n<td>OBSTSALAT (KLEIN\/ GROSS)<\/td>\n<td>800\/1100L<\/td>\n<\/tr>\n<\/table>\n<\/div>\n<\/div>\n<\/div>\n<\/div>\n<\/div>\n<\/div>\n<\/div>\n<div  class=\"one\" style=\"padding:30px 0 30px 0;\" >\n<div class=\"slider_wrapper\" style=\"height:500px;\">\n<div class=\"flexslider tg_gallery\" data-height=\"500\">\n<ul class=\"slides\">\n<li><img decoding=\"async\" src=\"https:\/\/restorantveranda.al\/wp-content\/uploads\/2019\/02\/E.jpg\" alt=\"\" style=\"width:100%;\"\/>\n<div class=\"gallery_image_caption\">\n<h2><\/h2>\n<\/div>\n<\/li>\n<li><img decoding=\"async\" src=\"https:\/\/restorantveranda.al\/wp-content\/uploads\/2019\/02\/EG.jpg\" alt=\"\" style=\"width:100%;\"\/>\n<div class=\"gallery_image_caption\">\n<h2><\/h2>\n<\/div>\n<\/li>\n<li><img decoding=\"async\" src=\"https:\/\/restorantveranda.al\/wp-content\/uploads\/2019\/02\/MG_5089.jpg\" alt=\"\" style=\"width:100%;\"\/>\n<div class=\"gallery_image_caption\">\n<h2><\/h2>\n<\/div>\n<\/li>\n<li><img decoding=\"async\" src=\"https:\/\/restorantveranda.al\/wp-content\/uploads\/2019\/02\/MG_5250-1.jpg\" alt=\"\" style=\"width:100%;\"\/>\n<div class=\"gallery_image_caption\">\n<h2><\/h2>\n<\/div>\n<\/li>\n<li><img decoding=\"async\" src=\"https:\/\/restorantveranda.al\/wp-content\/uploads\/2019\/02\/MG_5256.jpg\" alt=\"\" style=\"width:100%;\"\/>\n<div class=\"gallery_image_caption\">\n<h2><\/h2>\n<\/div>\n<\/li>\n<li><img decoding=\"async\" src=\"https:\/\/restorantveranda.al\/wp-content\/uploads\/2019\/02\/embelsira.jpg\" alt=\"\" style=\"width:100%;\"\/>\n<div class=\"gallery_image_caption\">\n<h2><\/h2>\n<\/div>\n<\/li>\n<\/ul>\n<\/div>\n<\/div>\n<\/div>\n","protected":false},"excerpt":{"rendered":"<p>&nbsp; VORSPEISEN, SALATE, SUPPEN PASTA &#038; RISOTTO Pizza HAUPTSPEISEN GEGRILLT VORSPEISEN VORSPEISEN SALATE SUPPEN VORSPEISEN PREIS Wei\u00dfer K\u00e4se (gebraten in Mandeln und Chilisauce gewickelt) 580L Chicken Wings mit Kartoffeln und Chilisauce 600L Caprese (Tomaten, Mozzarella, Pesto und Balsamicocreme) 650L S\u00fc\u00dfkartoffeln [&hellip;]<\/p>\n","protected":false},"author":2,"featured_media":6369,"parent":0,"menu_order":0,"comment_status":"closed","ping_status":"closed","template":"","meta":{"footnotes":""},"class_list":["post-6368","page","type-page","status-publish","has-post-thumbnail","hentry"],"_links":{"self":[{"href":"https:\/\/restorantveranda.al\/index.php?rest_route=\/wp\/v2\/pages\/6368","targetHints":{"allow":["GET"]}}],"collection":[{"href":"https:\/\/restorantveranda.al\/index.php?rest_route=\/wp\/v2\/pages"}],"about":[{"href":"https:\/\/restorantveranda.al\/index.php?rest_route=\/wp\/v2\/types\/page"}],"author":[{"embeddable":true,"href":"https:\/\/restorantveranda.al\/index.php?rest_route=\/wp\/v2\/users\/2"}],"replies":[{"embeddable":true,"href":"https:\/\/restorantveranda.al\/index.php?rest_route=%2Fwp%2Fv2%2Fcomments&post=6368"}],"version-history":[{"count":43,"href":"https:\/\/restorantveranda.al\/index.php?rest_route=\/wp\/v2\/pages\/6368\/revisions"}],"predecessor-version":[{"id":8069,"href":"https:\/\/restorantveranda.al\/index.php?rest_route=\/wp\/v2\/pages\/6368\/revisions\/8069"}],"wp:featuredmedia":[{"embeddable":true,"href":"https:\/\/restorantveranda.al\/index.php?rest_route=\/wp\/v2\/media\/6369"}],"wp:attachment":[{"href":"https:\/\/restorantveranda.al\/index.php?rest_route=%2Fwp%2Fv2%2Fmedia&parent=6368"}],"curies":[{"name":"wp","href":"https:\/\/api.w.org\/{rel}","templated":true}]}}