{"id":6346,"date":"2019-02-13T09:43:25","date_gmt":"2019-02-13T09:43:25","guid":{"rendered":"https:\/\/restorantveranda.al\/?page_id=6346"},"modified":"2021-10-21T07:27:55","modified_gmt":"2021-10-21T07:27:55","slug":"kontakt-r","status":"publish","type":"page","link":"https:\/\/restorantveranda.al\/?page_id=6346&lang=de","title":{"rendered":"Kontakt"},"content":{"rendered":"<div class=\"standard_wrapper\">\n<div  class=\"two_third withsmallpadding ppb_text\" style=\"padding:30px 0 30px 0;\" >\n<div class=\"standard_wrapper\">\n<div class=\"page_content_wrapper\">\n<div class=\"inner\">\n<div style=\"margin:auto;width:100%\">\n<h2>Kontaktieren Sie uns <\/h2>\n<div role=\"form\" class=\"wpcf7\" id=\"wpcf7-f6923-o2\" lang=\"sq-AL\" dir=\"ltr\">\n<div class=\"screen-reader-response\">\n<p role=\"status\" aria-live=\"polite\" aria-atomic=\"true\">\n<ul><\/ul>\n<\/div>\n<form action=\"\/wp-admin\/post.php#wpcf7-f6923-o2\" method=\"post\" class=\"wpcf7-form init\" novalidate=\"novalidate\" data-status=\"init\">\n<div style=\"display: none;\">\n<input type=\"hidden\" name=\"_wpcf7\" value=\"6923\" \/><br \/>\n<input type=\"hidden\" name=\"_wpcf7_version\" value=\"5.5.1\" \/><br \/>\n<input type=\"hidden\" name=\"_wpcf7_locale\" value=\"sq_AL\" \/><br \/>\n<input type=\"hidden\" name=\"_wpcf7_unit_tag\" value=\"wpcf7-f6923-o2\" \/><br \/>\n<input type=\"hidden\" name=\"_wpcf7_container_post\" value=\"0\" \/><br \/>\n<input type=\"hidden\" name=\"_wpcf7_posted_data_hash\" value=\"\" \/><br \/>\n<input type=\"hidden\" name=\"_wpcf7_recaptcha_response\" value=\"\" \/>\n<\/div>\n<p><label> Name(required)<br \/>\n    <span class=\"wpcf7-form-control-wrap emri-juaj\"><input type=\"text\" name=\"emri-juaj\" value=\"\" size=\"40\" class=\"wpcf7-form-control wpcf7-text wpcf7-validates-as-required\" aria-required=\"true\" aria-invalid=\"false\" \/><\/span> <\/label><\/p>\n<p><label>Telefonnummer<br \/>\n<span class=\"wpcf7-form-control-wrap tel-566\"><input type=\"tel\" name=\"tel-566\" value=\"\" size=\"40\" class=\"wpcf7-form-control wpcf7-text wpcf7-tel wpcf7-validates-as-required wpcf7-validates-as-tel\" aria-required=\"true\" aria-invalid=\"false\" \/><\/span><\/label><\/p>\n<p><label>Grund der Kontaktaufnahme<\/label><br \/>\n<span class=\"wpcf7-form-control-wrap checkbox-26\"><span class=\"wpcf7-form-control wpcf7-checkbox wpcf7-validates-as-required wpcf7-exclusive-checkbox\"><span class=\"wpcf7-list-item first\"><input type=\"checkbox\" name=\"checkbox-26\" value=\"Catering\" \/><span class=\"wpcf7-list-item-label\">Catering<\/span><\/span><span class=\"wpcf7-list-item\"><input type=\"checkbox\" name=\"checkbox-26\" value=\"Reservierung\" \/><span class=\"wpcf7-list-item-label\">Reservierung<\/span><\/span><span class=\"wpcf7-list-item last\"><input type=\"checkbox\" name=\"checkbox-26\" value=\"Informationen\" \/><span class=\"wpcf7-list-item-label\">Informationen<\/span><\/span><\/span><\/span><\/p>\n<p><label> Beschreibung<br \/>\n    <span class=\"wpcf7-form-control-wrap your-message\"><textarea name=\"your-message\" cols=\"40\" rows=\"10\" class=\"wpcf7-form-control wpcf7-textarea\" aria-invalid=\"false\"><\/textarea><\/span><br \/>\n <\/label><\/p>\n<p><input type=\"submit\" value=\"Senden\" class=\"wpcf7-form-control has-spinner wpcf7-submit\" \/><\/p>\n<div class=\"wpcf7-response-output\" aria-hidden=\"true\"><\/div>\n<\/form>\n<\/div>\n<\/div>\n<\/div>\n<\/div>\n<\/div>\n<\/div>\n<\/div>\n<div class=\"standard_wrapper\">\n<div  class=\"one_third last withsmallpadding ppb_text\" style=\"padding:30px 0 30px 0;\" >\n<div class=\"standard_wrapper\">\n<div class=\"page_content_wrapper\">\n<div class=\"inner\">\n<div style=\"margin:auto;width:100%\">\n<p style=\"text-align: left;\"><img decoding=\"async\" loading=\"lazy\" class=\"size-full wp-image-5888 aligncenter\" src=\"https:\/\/restorantveranda.al\/wp-content\/uploads\/2019\/03\/deliver-DE.png\" alt=\"\" width=\"300\" height=\"200\" \/><br \/>\n<strong>Anschrift<\/strong><br \/>\nEinkaufszentren TEG :<br \/>\n<i class=\"fa fa-phone marginright\"><\/i><a href=\"tel:+355 69 400 4010\">+355 69 400 4010<\/a><br \/>\nEinkaufszentren QTU :<br \/>\n<i class=\"fa fa-phone marginright\"><\/i><a href=\"tel:+355 69 702 0818\">+355 69 702 0818<\/a><\/p>\n<\/div>\n<\/div>\n<\/div>\n<\/div>\n<\/div>\n<\/div>\n<div  class=\"one\" style=\"padding:0px 0 0px 0;\" >\n<div class=\"standard_wrapper\">\n<div class=\"page_content_wrapper\">\n<div class=\"inner\">\n<div class=\"one_half content_middle animate textright\">\n<h2>Veranda TEG<\/h2>\n<p>\u201cGenie\u00dfen Sie die speziellen Gerichte unserer italienischen K\u00fcche und leckere Pizza mit Holzofen, entspannen Sie in unseren R\u00e4umlichkeiten, genie\u00dfen Sie einen Cocktail in unserer Bar und wir sorgen daf\u00fcr, dass Sie nicht entt\u00e4uscht werden: Veranda hat diese Qualit\u00e4t: wenn Sie Kommen Sie einmal, werden Sie immer kommen wollen.\u201d<\/p><\/div>\n<div class=\"one_half last\"><\/div>\n<p><br class=\"clear\"\/><\/div>\n<\/div>\n<\/div>\n<\/div>\n<div  class=\"one\" style=\"padding:0px 0 0px 0;\" >\n<div class=\"standard_wrapper\">\n<div class=\"page_content_wrapper\">\n<div class=\"inner\">\n<div class=\"one_half content_middle animate textright\">\n<h2>Veranda TEG<\/h2>\n<p>\u201cGenie\u00dfen Sie die speziellen Gerichte unserer italienischen K\u00fcche und leckere Pizza mit Holzofen, entspannen Sie in unseren R\u00e4umlichkeiten, genie\u00dfen Sie einen Cocktail in unserer Bar und wir sorgen daf\u00fcr, dass Sie nicht entt\u00e4uscht werden: Veranda hat diese Qualit\u00e4t: wenn Sie Kommen Sie einmal, werden Sie immer kommen wollen.\u201d<\/p><\/div>\n<div class=\"one_half last\"><\/div>\n<p><br class=\"clear\"\/><\/div>\n<\/div>\n<\/div>\n<\/div>\n","protected":false},"excerpt":{"rendered":"<p>Kontaktieren Sie uns Name(required) Telefonnummer Grund der Kontaktaufnahme CateringReservierungInformationen Beschreibung Anschrift Einkaufszentren TEG : +355 69 400 4010 Einkaufszentren QTU : +355 69 702 0818 Veranda TEG \u201cGenie\u00dfen Sie die speziellen Gerichte unserer italienischen K\u00fcche und leckere Pizza mit Holzofen, [&hellip;]<\/p>\n","protected":false},"author":2,"featured_media":6348,"parent":0,"menu_order":0,"comment_status":"closed","ping_status":"closed","template":"","meta":{"footnotes":""},"class_list":["post-6346","page","type-page","status-publish","has-post-thumbnail","hentry"],"_links":{"self":[{"href":"https:\/\/restorantveranda.al\/index.php?rest_route=\/wp\/v2\/pages\/6346","targetHints":{"allow":["GET"]}}],"collection":[{"href":"https:\/\/restorantveranda.al\/index.php?rest_route=\/wp\/v2\/pages"}],"about":[{"href":"https:\/\/restorantveranda.al\/index.php?rest_route=\/wp\/v2\/types\/page"}],"author":[{"embeddable":true,"href":"https:\/\/restorantveranda.al\/index.php?rest_route=\/wp\/v2\/users\/2"}],"replies":[{"embeddable":true,"href":"https:\/\/restorantveranda.al\/index.php?rest_route=%2Fwp%2Fv2%2Fcomments&post=6346"}],"version-history":[{"count":10,"href":"https:\/\/restorantveranda.al\/index.php?rest_route=\/wp\/v2\/pages\/6346\/revisions"}],"predecessor-version":[{"id":7986,"href":"https:\/\/restorantveranda.al\/index.php?rest_route=\/wp\/v2\/pages\/6346\/revisions\/7986"}],"wp:featuredmedia":[{"embeddable":true,"href":"https:\/\/restorantveranda.al\/index.php?rest_route=\/wp\/v2\/media\/6348"}],"wp:attachment":[{"href":"https:\/\/restorantveranda.al\/index.php?rest_route=%2Fwp%2Fv2%2Fmedia&parent=6346"}],"curies":[{"name":"wp","href":"https:\/\/api.w.org\/{rel}","templated":true}]}}