{"id":6210,"date":"2019-02-11T13:43:22","date_gmt":"2019-02-11T13:43:22","guid":{"rendered":"https:\/\/restorantveranda.al\/?page_id=6210"},"modified":"2019-03-13T14:04:11","modified_gmt":"2019-03-13T14:04:11","slug":"eksperience","status":"publish","type":"page","link":"https:\/\/restorantveranda.al\/?page_id=6210&lang=de","title":{"rendered":"Unsere Erfahrung"},"content":{"rendered":"<div  class=\"one withsmallpadding ppb_header \" style=\"text-align:left;padding:30px 0 30px 0;\" >\n<div class=\"standard_wrapper\">\n<div class=\"page_content_wrapper\">\n<div class=\"inner\">\n<div class=\"page_header_sep left\"><\/div>\n<div class=\"social_wrapper shortcode dark \">\n<ul>\n<li class=\"facebook\"><a target=\"_blank\" title=\"Facebook\" href=\"https:\/\/www.facebook.com\/restorantveranda\/\" rel=\"noopener noreferrer\"><i class=\"fa fa-facebook\"><\/i><\/a><\/li>\n<li class=\"instagram\"><a target=\"_blank\" title=\"Instagram\" href=\"http:\/\/instagram.com\/https:\/\/www.instagram.com\/restorant.veranda\/\" rel=\"noopener noreferrer\"><i class=\"fa fa-instagram\"><\/i><\/a><\/li>\n<\/ul>\n<\/div>\n<h2 style=\"font-size: 2rem !important; text-transform: uppercase !important; letter-spacing:2px !important;font-weight: 400 !important;\">Konzept<\/h2>\n<p style=\"font-weight: 300;font-size: 24px;letter-spacing: 1px; color: black;\">\u201cGenie\u00dfen Sie die besonderen Gerichte unserer italienischen K\u00fcche und leckere Pizza mit Holzofen, entspannen Sie sich in unseren R\u00e4umlichkeiten, genie\u00dfen Sie einen Cocktail in unserer Bar und wir sorgen daf\u00fcr, dass Sie nicht entt\u00e4uscht werden: Veranda hat diese Qualit\u00e4t: wenn Sie einmal kommen, wollen Sie immer kommen.\u201d<\/p>\n<\/div>\n<\/div>\n<\/div>\n<\/div>\n<div  class=\"one withsmallpadding ppb_content_half_bg \" style=\"padding:30px 0 30px 0;\" >\n<div class=\"standard_wrapper\">\n<div class=\"page_content_wrapper\">\n<div class=\"inner\">\n<div class=\"one_half_bg floatright\" style=\"background:#ffffff;background:rgb(255,255,255,1);background:rgba(255,255,255,1);\">\n<h2 class=\"ppb_title\" style=\"\">Veranda<\/h2>\n<div class=\"page_header_sep left\" ><\/div>\n<p>In unserem Restaurant sind alle willkommen und alle werden sich wohl f\u00fchlen, ob es ein Paar ist, das sich in seinen intimen Engel verliebt, ob es ein Familienessen oder ein Abendessen ist, oder sogar eine Gruppe von Freunden, die einen Cocktail trinken m\u00f6chten, w\u00e4hrend Sie unsere Musik h\u00f6ren, aber vor allem die Familien, Kinder, die \u00fcber einen eigenen Spielwinkel, ein eigenes Men\u00fc und auch verschiedene Spiele verf\u00fcgen, um sie stimuliert zu halten, sowie ein spezielles Men\u00fc mit einer anderen Art von Speisen und einer anderen Form von Pizzen.<\/p>\n<\/div>\n<\/div>\n<\/div>\n<\/div>\n<\/div>\n<div  class=\"one withsmallpadding ppb_content_half_bg \" style=\"padding:30px 0 30px 0;\" >\n<div class=\"standard_wrapper\">\n<div class=\"page_content_wrapper\">\n<div class=\"inner\">\n<div class=\"one_half_bg floatright\" style=\"background:#ffffff;background:rgb(255,255,255,1);background:rgba(255,255,255,1);\">\n<h2 class=\"ppb_title\" style=\"\">Veranda<\/h2>\n<div class=\"page_header_sep left\" ><\/div>\n<p>In unserem Restaurant sind alle willkommen und alle werden sich wohl f\u00fchlen, ob es ein Paar ist, das sich in seinen intimen Engel verliebt, ob es ein Familienessen oder ein Abendessen ist, oder sogar eine Gruppe von Freunden, die einen Cocktail trinken m\u00f6chten, w\u00e4hrend Sie unsere Musik h\u00f6ren, aber vor allem die Familien, Kinder, die \u00fcber einen eigenen Spielwinkel, ein eigenes Men\u00fc und auch verschiedene Spiele verf\u00fcgen, um sie stimuliert zu halten, sowie ein spezielles Men\u00fc mit einer anderen Art von Speisen und einer anderen Form von Pizzen.<\/p>\n<\/div>\n<\/div>\n<\/div>\n<\/div>\n<\/div>\n<div  class=\"one withsmallpadding ppb_content_half_bg \" style=\"padding:30px 0 30px 0;\" >\n<div class=\"standard_wrapper\">\n<div class=\"page_content_wrapper\">\n<div class=\"inner\">\n<div class=\"one_half_bg floatright\" style=\"background:#ffffff;background:rgb(255,255,255,1);background:rgba(255,255,255,1);\">\n<h2 class=\"ppb_title\" style=\"\">Veranda<\/h2>\n<div class=\"page_header_sep left\" ><\/div>\n<p>In unserem Restaurant sind alle willkommen und alle werden sich wohl f\u00fchlen, ob es ein Paar ist, das sich in seinen intimen Engel verliebt, ob es ein Familienessen oder ein Abendessen ist, oder sogar eine Gruppe von Freunden, die einen Cocktail trinken m\u00f6chten, w\u00e4hrend Sie unsere Musik h\u00f6ren, aber vor allem die Familien, Kinder, die \u00fcber einen eigenen Spielwinkel, ein eigenes Men\u00fc und auch verschiedene Spiele verf\u00fcgen, um sie stimuliert zu halten, sowie ein spezielles Men\u00fc mit einer anderen Art von Speisen und einer anderen Form von Pizzen.<\/p>\n<\/div>\n<\/div>\n<\/div>\n<\/div>\n<\/div>\n<div  class=\"one withsmallpadding ppb_content_half_bg \" style=\"padding:30px 0 30px 0;\" >\n<div class=\"standard_wrapper\">\n<div class=\"page_content_wrapper\">\n<div class=\"inner\">\n<div class=\"one_half_bg floatright\" style=\"background:#ffffff;background:rgb(255,255,255,1);background:rgba(255,255,255,1);\">\n<h2 class=\"ppb_title\" style=\"\">Pizzeria<\/h2>\n<div class=\"page_header_sep left\" ><\/div>\n<p><strong>Italienisches Essen und eine leckere Pizza aus einem Holzofen<\/strong><\/p>\n<p>Genie\u00dfen Sie die Spezialit\u00e4ten unserer italienischen K\u00fcche und leckere Pizza mit Holzofen, entspannen Sie in unseren R\u00e4umlichkeiten, genie\u00dfen Sie einen Cocktail in unserer Bar und wir sorgen daf\u00fcr, dass Sie nicht entt\u00e4uscht werden: wenn Sie einmal kommen, wollen Sie immer kommen.<\/p>\n<\/div>\n<\/div>\n<\/div>\n<\/div>\n<\/div>\n<div  class=\"one withsmallpadding ppb_content_half_bg \" style=\"padding:30px 0 30px 0;\" >\n<div class=\"standard_wrapper\">\n<div class=\"page_content_wrapper\">\n<div class=\"inner\">\n<div class=\"one_half_bg floatright\" style=\"background:#ffffff;background:rgb(255,255,255,1);background:rgba(255,255,255,1);\">\n<h2 class=\"ppb_title\" style=\"\">Pizzeria<\/h2>\n<div class=\"page_header_sep left\" ><\/div>\n<p><strong>Italienisches Essen und eine leckere Pizza aus einem Holzofen<\/strong><\/p>\n<p>Genie\u00dfen Sie die Spezialit\u00e4ten unserer italienischen K\u00fcche und leckere Pizza mit Holzofen, entspannen Sie in unseren R\u00e4umlichkeiten, genie\u00dfen Sie einen Cocktail in unserer Bar und wir sorgen daf\u00fcr, dass Sie nicht entt\u00e4uscht werden: wenn Sie einmal kommen, wollen Sie immer kommen.<\/p>\n<\/div>\n<\/div>\n<\/div>\n<\/div>\n<\/div>\n<div  class=\"one withsmallpadding ppb_content_half_bg \" style=\"padding:30px 0 30px 0;\" >\n<div class=\"standard_wrapper\">\n<div class=\"page_content_wrapper\">\n<div class=\"inner\">\n<div class=\"one_half_bg floatright\" style=\"background:#ffffff;background:rgb(255,255,255,1);background:rgba(255,255,255,1);\">\n<h2 class=\"ppb_title\" style=\"\">Pizzeria<\/h2>\n<div class=\"page_header_sep left\" ><\/div>\n<p><strong>Italienisches Essen und eine leckere Pizza aus einem Holzofen<\/strong><\/p>\n<p>Genie\u00dfen Sie die Spezialit\u00e4ten unserer italienischen K\u00fcche und leckere Pizza mit Holzofen, entspannen Sie in unseren R\u00e4umlichkeiten, genie\u00dfen Sie einen Cocktail in unserer Bar und wir sorgen daf\u00fcr, dass Sie nicht entt\u00e4uscht werden: wenn Sie einmal kommen, wollen Sie immer kommen.<\/p>\n<\/div>\n<\/div>\n<\/div>\n<\/div>\n<\/div>\n","protected":false},"excerpt":{"rendered":"<p>Konzept \u201cGenie\u00dfen Sie die besonderen Gerichte unserer italienischen K\u00fcche und leckere Pizza mit Holzofen, entspannen Sie sich in unseren R\u00e4umlichkeiten, genie\u00dfen Sie einen Cocktail in unserer Bar und wir sorgen daf\u00fcr, dass Sie nicht entt\u00e4uscht werden: Veranda hat diese Qualit\u00e4t: [&hellip;]<\/p>\n","protected":false},"author":2,"featured_media":6212,"parent":0,"menu_order":0,"comment_status":"closed","ping_status":"closed","template":"","meta":{"footnotes":""},"class_list":["post-6210","page","type-page","status-publish","has-post-thumbnail","hentry"],"_links":{"self":[{"href":"https:\/\/restorantveranda.al\/index.php?rest_route=\/wp\/v2\/pages\/6210","targetHints":{"allow":["GET"]}}],"collection":[{"href":"https:\/\/restorantveranda.al\/index.php?rest_route=\/wp\/v2\/pages"}],"about":[{"href":"https:\/\/restorantveranda.al\/index.php?rest_route=\/wp\/v2\/types\/page"}],"author":[{"embeddable":true,"href":"https:\/\/restorantveranda.al\/index.php?rest_route=\/wp\/v2\/users\/2"}],"replies":[{"embeddable":true,"href":"https:\/\/restorantveranda.al\/index.php?rest_route=%2Fwp%2Fv2%2Fcomments&post=6210"}],"version-history":[{"count":8,"href":"https:\/\/restorantveranda.al\/index.php?rest_route=\/wp\/v2\/pages\/6210\/revisions"}],"predecessor-version":[{"id":6879,"href":"https:\/\/restorantveranda.al\/index.php?rest_route=\/wp\/v2\/pages\/6210\/revisions\/6879"}],"wp:featuredmedia":[{"embeddable":true,"href":"https:\/\/restorantveranda.al\/index.php?rest_route=\/wp\/v2\/media\/6212"}],"wp:attachment":[{"href":"https:\/\/restorantveranda.al\/index.php?rest_route=%2Fwp%2Fv2%2Fmedia&parent=6210"}],"curies":[{"name":"wp","href":"https:\/\/api.w.org\/{rel}","templated":true}]}}