{"id":6189,"date":"2019-02-27T12:53:04","date_gmt":"2019-02-27T12:53:04","guid":{"rendered":"https:\/\/restorantveranda.al\/?page_id=6189"},"modified":"2022-08-17T13:26:17","modified_gmt":"2022-08-17T13:26:17","slug":"menu-r","status":"publish","type":"page","link":"https:\/\/restorantveranda.al\/?page_id=6189&lang=en","title":{"rendered":"Bar"},"content":{"rendered":"<div class=\"divider one\">&nbsp;<\/div>\n<div  class=\"one withsmallpadding ppb_text\" style=\"padding:30px 0 30px 0;\" >\n<div class=\"standard_wrapper\">\n<div class=\"page_content_wrapper\">\n<div class=\"inner\">\n<div style=\"margin:auto;width:100%\">\n<p style=\"text-align: center;\"><a class=\"button\" href=\"#alkolike\" style=\"background-color:#cfa670eb; margin: 7px; width: 150px;\">Alcoholic<\/a> <a class=\"button\" href=\"#freskuse\" style=\"background-color:#cfa670eb; margin: 7px; width: 150px;\">fresh <\/a> <a class=\"button\" href=\"#ngrohta\" style=\"background-color:#cfa670eb; margin: 7px; width: 150px;\">Hot Drinks<\/a> <\/p>\n<\/div>\n<\/div>\n<\/div>\n<\/div>\n<\/div>\n<div  class=\"one withsmallpadding ppb_text\" style=\"padding-bottom: 0px !important;padding:50px 0 50px 0;\" >\n<div class=\"standard_wrapper\">\n<div class=\"page_content_wrapper\">\n<div class=\"inner\">\n<div style=\"margin:auto;width:100%\">\n<h5 id=alkolike>ALKOLIKE<\/h5>\n<\/p>\n<div class=\"tabs\">\n<ul>\n<li><a href=\"#tabs-1\">VERE E KUQE <\/a><\/li>\n<li><a href=\"#tabs-2\">VERE E BARDHE<\/a><\/li>\n<li><a href=\"#tabs-3\">SPUMANTE<\/a><\/li>\n<li><a href=\"#tabs-4\">BIRRE<\/a><\/li>\n<li><a href=\"#tabs-5\">KOKTEJL<\/a><\/li>\n<li><a href=\"#tabs-6\">WHISKEY<\/a><\/li>\n<li><a href=\"#tabs-7\">BRANDY<\/a><\/li>\n<li><a href=\"#tabs-8\">DISTILATTE<\/a><\/li>\n<li><a href=\"#tabs-9\">TE TJERA<\/a><\/li>\n<\/ul>\n<div id=\"tabs-1\" class=\"tab_wrapper\"><br class=\"clear\"\/><\/p>\n<table>\n<tr>\n<th>VERE E KUQE <\/th>\n<th>CMIMI<\/th>\n<\/tr>\n<tr>\n<td>1 GOTE 0.25<\/td>\n<td>400L<\/td>\n<\/tr>\n<tr>\n<td>0.5 LITER<\/td>\n<td>600L<\/td>\n<\/tr>\n<tr>\n<td>1 LITER<\/td>\n<td>1000L<\/td>\n<\/tr>\n<tr>\n<td>CHIANTI BANFI 0.375 L<\/td>\n<td>1200L<\/td>\n<\/tr>\n<tr>\n<td>CENTINE BUNFY<\/td>\n<td>2500L<\/td>\n<\/tr>\n<tr>\n<td>CENTINE BUNFY TUSCANY<\/td>\n<td>2500L<\/td>\n<\/tr>\n<tr>\n<td>MONTEPLUCIANO D&#8217;ABRUZIO VELENOSI<\/td>\n<td>3500L<\/td>\n<\/tr>\n<tr>\n<td>CAPPANNINO<\/td>\n<td>3500L<\/td>\n<\/tr>\n<tr>\n<td>PRIMITIVO TRE STELLE<\/td>\n<td>3500L<\/td>\n<\/tr>\n<tr>\n<td>BIRILO TOSCANA<\/td>\n<td>4000L<\/td>\n<\/tr>\n<tr>\n<td>PRIMITMO DI MANDURIA FEUDO SAN GREGORIO<\/td>\n<td>5000L<\/td>\n<\/tr>\n<tr>\n<td>EDIZIONE FARNESE<\/td>\n<td>6000L<\/td>\n<\/tr>\n<tr>\n<td>EDIZIONE FARNESE<\/td>\n<td>6000L<\/td>\n<\/tr>\n<tr>\n<td>HARMONIUM FIRRIATO<\/td>\n<td>6500L<\/td>\n<\/tr>\n<\/table>\n<\/div>\n<div id=\"tabs-2\" class=\"tab_wrapper\"><br class=\"clear\"\/><\/p>\n<table>\n<tr>\n<th>VERE E BARDHE <\/th>\n<th>CMIMI<\/th>\n<\/tr>\n<tr>\n<td>1 GOTE 0.25<\/td>\n<td>400L<\/td>\n<\/tr>\n<tr>\n<td>0.5 LITER<\/td>\n<td>600L<\/td>\n<\/tr>\n<tr>\n<td>1 LITER<\/td>\n<td>1000L<\/td>\n<\/tr>\n<tr>\n<td>LE RIME BANFI PINOT \u2013 CHARDONAY<\/td>\n<td>1200L<\/td>\n<\/tr>\n<tr>\n<td>PECORINO MORUS<\/td>\n<td>2000L<\/td>\n<\/tr>\n<tr>\n<td>CHARDONAY COLLIO CORMONS<\/td>\n<td>3000L<\/td>\n<\/tr>\n<tr>\n<td>PECORINO VELENOSI<\/td>\n<td>3000L<\/td>\n<\/tr>\n<tr>\n<td>ROSSE SAN MICHEL LYNCH<\/td>\n<td>3500L<\/td>\n<\/tr>\n<tr>\n<td>FIANO IL NOBILE<\/td>\n<td>3500L<\/td>\n<\/tr>\n<tr>\n<td>VERDICCHIO CLASSICO DI JESI<\/td>\n<td>3500L<\/td>\n<\/tr>\n<tr>\n<td>GRECO DI TUFO FEUDI SAN GREGORIO<\/td>\n<td>4000L<\/td>\n<\/tr>\n<tr>\n<td>PINOT GRIGIO FRIULI SPECOGNA<\/td>\n<td>4000L<\/td>\n<\/tr>\n<tr>\n<td>BLANGE BIO<\/td>\n<td>4000L<\/td>\n<\/tr>\n<tr>\n<td>GEWUSTRAMINER LAVIS<\/td>\n<td>5000L<\/td>\n<\/tr>\n<tr>\n<td>ELENA WALSH PINOT BIANCO<\/td>\n<td>5500L<\/td>\n<\/tr>\n<tr>\n<td>GEWUSTRAMINER ST MICHAEL EPPAN<\/td>\n<td>6000L<\/td>\n<\/tr>\n<\/table>\n<\/div>\n<div id=\"tabs-3\" class=\"tab_wrapper\"><br class=\"clear\"\/><\/p>\n<table>\n<tr>\n<th>SPUMANTE <\/th>\n<th>CMIMI<\/th>\n<\/tr>\n<tr>\n<td>DOGARINA SAUVGINON<\/td>\n<td>2000L<\/td>\n<\/tr>\n<tr>\n<td>FRAGOLINA DOLCE<\/td>\n<td>3500L<\/td>\n<\/tr>\n<\/table>\n<\/div>\n<div id=\"tabs-4\" class=\"tab_wrapper\"><br class=\"clear\"\/><\/p>\n<table>\n<tr>\n<th>BIRRE<\/th>\n<th>CMIMI<\/th>\n<\/tr>\n<tr>\n<td>CARLSBERG KRIKO 0.25 LITER<\/td>\n<td>250L<\/td>\n<\/tr>\n<tr>\n<td>CARLSBERG KRIKO 0.5 LITER<\/td>\n<td>380L<\/td>\n<\/tr>\n<tr>\n<td>CARLSBERG KRIKO 1 LITER<\/td>\n<td>650L<\/td>\n<\/tr>\n<tr>\n<td>PAULANER SHISHE BJONDE 0.33<\/td>\n<td>330L<\/td>\n<\/tr>\n<tr>\n<td>PAULANER KRIKO 0.3 LITER<\/td>\n<td>300L<\/td>\n<\/tr>\n<tr>\n<td>PAULANER KRIKO 0.5 LITER<\/td>\n<td>450L<\/td>\n<\/tr>\n<tr>\n<td>PAULANER KRIKO 1 LITER<\/td>\n<td>800L<\/td>\n<\/tr>\n<tr>\n<td>PAULANER SHISHE E TURBULLT 0.5l<\/td>\n<td>500L<\/td>\n<\/tr>\n<tr>\n<td>TUBORG SHISHE 0.33 L<\/td>\n<td>280L<\/td>\n<\/tr>\n<tr>\n<td>BIRRE KORCA BIONDE 0.33l<\/td>\n<td>250L<\/td>\n<\/tr>\n<tr>\n<td>BIRRE KORCA E ZEZE 0.33l<\/td>\n<td>250L<\/td>\n<\/tr>\n<tr>\n<td>HEINEKEN SHISHE 0.33l<\/td>\n<td>300L<\/td>\n<\/tr>\n<tr>\n<td>BIRRE SHISHE TUBORG PA ALKOOL 0.33l<\/td>\n<td>400L<\/td>\n<\/tr>\n<tr>\n<td>CORONA<\/td>\n<td>500L<\/td>\n<\/tr>\n<tr>\n<td>FRANZISKANER E KUQE SHISHE 0.5L<\/td>\n<td>500L<\/td>\n<\/tr>\n<tr>\n<td>FRANZISKANER E TURBULLT SHISHE 0.5 L<\/td>\n<td>500L<\/td>\n<\/tr>\n<tr>\n<td>BIRRE BLANCHE DE NAMUR<\/td>\n<td>700L<\/td>\n<\/tr>\n<\/table>\n<\/div>\n<div id=\"tabs-5\" class=\"tab_wrapper\"><br class=\"clear\"\/><\/p>\n<table>\n<tr>\n<th>KOKTEJLE<\/th>\n<th>CMIMI<\/th>\n<\/tr>\n<tr>\n<td>JO ALKOOUK<\/td>\n<td>600L<\/td>\n<\/tr>\n<tr>\n<td>APEROL SPRITZ<\/td>\n<td>650L<\/td>\n<\/tr>\n<tr>\n<td>BLACK RUSSIAN<\/td>\n<td>700L<\/td>\n<\/tr>\n<tr>\n<td>WHITE RUSSIAN<\/td>\n<td>750L<\/td>\n<\/tr>\n<tr>\n<td>DAIQUIRY<\/td>\n<td>750L<\/td>\n<\/tr>\n<tr>\n<td>MARGARITA<\/td>\n<td>750L<\/td>\n<\/tr>\n<tr>\n<td>SEX ON THE BEACH<\/td>\n<td>750L<\/td>\n<\/tr>\n<tr>\n<td>PlNA COLADA<\/td>\n<td>750L<\/td>\n<\/tr>\n<tr>\n<td>MOJITO\/JAMAICA<\/td>\n<td>750L<\/td>\n<\/tr>\n<tr>\n<td>VODKA SOUR<\/td>\n<td>750L<\/td>\n<\/tr>\n<tr>\n<td>CAIPIROSKA<\/td>\n<td>750L<\/td>\n<\/tr>\n<tr>\n<td>CAIPINERA<\/td>\n<td>750L<\/td>\n<\/tr>\n<tr>\n<td>COSMOPOLITAN<\/td>\n<td>750L<\/td>\n<\/tr>\n<tr>\n<td>VERANDA<\/td>\n<td>750L<\/td>\n<\/tr>\n<tr>\n<td>MARTINI APPLE<\/td>\n<td>750L<\/td>\n<\/tr>\n<tr>\n<td>GOD FATHER<\/td>\n<td>750L<\/td>\n<\/tr>\n<tr>\n<td>AMF<\/td>\n<td>850L<\/td>\n<\/tr>\n<tr>\n<td>LONG ISLAND\/ICE TEA<\/td>\n<td>850L<\/td>\n<\/tr>\n<\/table>\n<\/div>\n<div id=\"tabs-6\" class=\"tab_wrapper\"><br class=\"clear\"\/><\/p>\n<table>\n<tr>\n<th>WHISKEY<\/th>\n<th>CMIMI<\/th>\n<\/tr>\n<tr>\n<td>KREM WHISKEY BAILEYS<\/td>\n<td>350L<\/td>\n<\/tr>\n<tr>\n<td>BALLANTINES<\/td>\n<td>400L<\/td>\n<\/tr>\n<tr>\n<td>JOHNNY WALKER RED<\/td>\n<td>400L<\/td>\n<\/tr>\n<tr>\n<td>GLENFIDICH<\/td>\n<td>400L<\/td>\n<\/tr>\n<tr>\n<td>JACK DANIEL<\/td>\n<td>500L<\/td>\n<\/tr>\n<tr>\n<td>CHIVAS REGAL<\/td>\n<td>500L<\/td>\n<\/tr>\n<tr>\n<td>JOHNNY WALKER BLACK<\/td>\n<td>550L<\/td>\n<\/tr>\n<tr>\n<td>CARDHU<\/td>\n<td>600L<\/td>\n<\/tr>\n<tr>\n<td>THE GLENVIET<\/td>\n<td>700L<\/td>\n<\/tr>\n<\/table>\n<\/div>\n<div id=\"tabs-7\" class=\"tab_wrapper\"><br class=\"clear\"\/><\/p>\n<table>\n<tr>\n<th>BRANDY<\/th>\n<th>CMIMI<\/th>\n<\/tr>\n<tr>\n<td>KONJAK SKENDERBEU<\/th>\n<td>250L<\/th>\n<\/tr>\n<tr>\n<td>METAXA 5 STAR<\/th>\n<td>350L<\/th>\n<\/tr>\n<tr>\n<td>VECHIA ROMAGNIA<\/th>\n<td>350L<\/th>\n<\/tr>\n<tr>\n<td>MARTELL V.S<\/th>\n<td>600L<\/th>\n<\/tr>\n<tr>\n<td>GLEN GRANT 12 VJECAR<\/th>\n<td>600L<\/th>\n<\/tr>\n<tr>\n<td>GLEN GRANT 16 VJECAR<\/th>\n<td>600L<\/th>\n<\/tr>\n<tr>\n<td>CALVADOS<\/th>\n<td>700L<\/th>\n<\/tr>\n<tr>\n<td>MARTELL V.S.O.P<\/th>\n<td>800L<\/th>\n<\/tr>\n<tr>\n<td>REMY MARTINI V.S.O.P<\/th>\n<td>800L<\/th>\n<\/tr>\n<\/table>\n<\/div>\n<div id=\"tabs-8\" class=\"tab_wrapper\"><br class=\"clear\"\/><\/p>\n<table>\n<tr>\n<th>DISTILANTE<\/th>\n<th>CMIMI<\/th>\n<\/tr>\n<tr>\n<td>RAKI VENDI<\/th>\n<td>250L<\/th>\n<\/tr>\n<tr>\n<td>VODKA ME SHIJE<\/th>\n<td>350L<\/th>\n<\/tr>\n<tr>\n<td>SMIRNOFF RED<\/th>\n<td>350L<\/th>\n<\/tr>\n<tr>\n<td>GORBACHOV<\/th>\n<td>350L<\/th>\n<\/tr>\n<tr>\n<td>VODKA ABSOLUT<\/th>\n<td>350L<\/th>\n<\/tr>\n<tr>\n<td>TEQUILLA JOSE CUERVO<\/th>\n<td>350L<\/th>\n<\/tr>\n<tr>\n<td>GORDON GIN<\/th>\n<td>350L<\/th>\n<\/tr>\n<tr>\n<td>BACARDI RUM<\/th>\n<td>350L<\/th>\n<\/tr>\n<tr>\n<td>MALIBU RUM<\/th>\n<td>350L<\/th>\n<\/tr>\n<tr>\n<td>VODKA GREY GOOSE<\/th>\n<td>600L<\/th>\n<\/tr>\n<\/table>\n<\/div>\n<div id=\"tabs-9\" class=\"tab_wrapper\"><br class=\"clear\"\/><\/p>\n<table>\n<tr>\n<th>TE TJERA<\/th>\n<th>CMIMI<\/th>\n<\/tr>\n<tr>\n<td>LlMONCELLO<\/th>\n<td>300L<\/th>\n<\/tr>\n<tr>\n<td>AMARO MONTENEGRO<\/th>\n<td>350L<\/th>\n<\/tr>\n<tr>\n<td>AMARO LUKANO<\/th>\n<td>350L<\/th>\n<\/tr>\n<tr>\n<td>DISARONNO<\/th>\n<td>350L<\/th>\n<\/tr>\n<tr>\n<td>JAGERMEISTER<\/th>\n<td>350L<\/th>\n<\/tr>\n<tr>\n<td>RAMAZZOTTI<\/th>\n<td>350L<\/th>\n<\/tr>\n<tr>\n<td>CINZZANO (BIANCO ROSSO)<\/th>\n<td>350L<\/th>\n<\/tr>\n<tr>\n<td>MARTINI BIANCO<\/th>\n<td>350L<\/th>\n<\/tr>\n<tr>\n<td>MARTINI ROSSO<\/th>\n<td>350L<\/th>\n<\/tr>\n<tr>\n<td>SAMBUKA<\/th>\n<td>350L<\/th>\n<\/tr>\n<tr>\n<td>FERNET BRANCA<\/th>\n<td>350L<\/th>\n<\/tr>\n<tr>\n<td>PUSCHKIN RED<\/th>\n<td>350L<\/th>\n<\/tr>\n<tr>\n<td>PUSCHKIN BLACK<\/th>\n<td>350L<\/th>\n<\/tr>\n<tr>\n<td>KAHLUA<\/th>\n<td>350L<\/th>\n<\/tr>\n<tr>\n<td>RAMAZZOTTI AMARRO<\/th>\n<td>350L<\/th>\n<\/tr>\n<tr>\n<td>CAMPARI<\/th>\n<td>350L<\/th>\n<\/tr>\n<tr>\n<td>CUTTY SARK<\/th>\n<td>350L<\/th>\n<\/tr>\n<tr>\n<td>UZO<\/th>\n<td>350L<\/th>\n<\/tr>\n<tr>\n<td>GREY GOOSE shoq\u00ebruar me Red Bull<\/th>\n<td>900L<\/th>\n<\/tr>\n<tr>\n<td>GREY GOOSE shoq\u00ebruar me Lemon soda<\/th>\n<td>800L<\/th>\n<\/tr>\n<tr>\n<td>GIN BOMBAY<\/th>\n<td>400L<\/th>\n<\/tr>\n<tr>\n<td>GIN HENDRICKS<\/th>\n<td>1000L<\/th>\n<\/tr>\n<tr>\n<td>GIN MARE<\/th>\n<td>1100L<\/th>\n<\/tr>\n<\/table>\n<\/div>\n<\/div>\n<\/div>\n<\/div>\n<\/div>\n<\/div>\n<\/div>\n<div  class=\"one withsmallpadding ppb_header withbg \" style=\"background-image:url(https:\/\/restorantveranda.al\/wp-content\/uploads\/2019\/02\/Untitled-6.jpg);background-position: center center;text-align:center;padding:200px 0 200px 0;\" >\n<div class=\"standard_wrapper\">\n<div class=\"page_content_wrapper\">\n<div class=\"inner\">\n<div class=\"page_header_sep center\"><\/div>\n<p><a href=\"https:\/\/restorantveranda.al\/?page_id=6167&#038;lang=en\" rel=\"noopener\" target=\"_blank\"><\/p>\n<h2 style=\"color: white;\">Read more <\/h2>\n<p><\/a><\/p>\n<\/div>\n<\/div>\n<\/div>\n<\/div>\n<div class=\"divider one\">&nbsp;<\/div>\n<div  class=\"one withsmallpadding ppb_text\" style=\"padding-bottom: 0px !important;padding:50px 0 50px 0;\" >\n<div class=\"standard_wrapper\">\n<div class=\"page_content_wrapper\">\n<div class=\"inner\">\n<div style=\"margin:auto;width:100%\">\n<h5 id=freskuse>FRESKUESE<\/h5>\n<\/p>\n<div class=\"tabs\">\n<ul>\n<li><a href=\"#tabs-1\">PIJE FRESKUESE <\/a><\/li>\n<li><a href=\"#tabs-2\">PIJE ENERGJIKE<\/a><\/li>\n<li><a href=\"#tabs-3\">LENGJE FRUTASH<\/a><\/li>\n<li><a href=\"#tabs-4\">AKULLORE<\/a><\/li>\n<li><a href=\"#tabs-5\">TE FTOHTA<\/a><\/li>\n<li><a href=\"#tabs-6\">UJE<\/a><\/li>\n<\/ul>\n<div id=\"tabs-1\" class=\"tab_wrapper\"><br class=\"clear\"\/><\/p>\n<table>\n<tr>\n<th>FRESKUESE<\/th>\n<th>CMIMI<\/th>\n<\/tr>\n<tr>\n<td>YIPPY ME SHIJE T\u00cb NDRYSHME<\/td>\n<td>200L<\/td>\n<\/tr>\n<tr>\n<td>BITER<\/td>\n<td>220L<\/td>\n<\/tr>\n<tr>\n<td>CRODINO<\/td>\n<td>220L<\/td>\n<\/tr>\n<tr>\n<td>COCA COLA, COLA ZERO, FANTA, SPRITE<\/td>\n<td>250L<\/td>\n<\/tr>\n<tr>\n<td>LEMON SODA 0.33L\/ORANGE SODA 0.33l<\/td>\n<td>230L<\/td>\n<\/tr>\n<tr>\n<td>MOJITO SODA 0.33 L<\/td>\n<td>230L<\/td>\n<\/tr>\n<tr>\n<td>SCHWEPPES TONIC<\/td>\n<td>230L<\/td>\n<\/tr>\n<tr>\n<td>BRAVO TEA ME SHIJE T\u00cb NDRYSHME<\/td>\n<td>220L<\/td>\n<\/tr>\n<tr>\n<td>BRAVO L\u00cbNG FRUTASH<\/td>\n<td>220L<\/td>\n<\/tr>\n<tr>\n<td>AMA ICED COFFE<\/td>\n<td>250L<\/td>\n<\/tr>\n<tr>\n<td>FESTIMANS 0.275 L ROSE LEMONADE<\/td>\n<td>500L<\/td>\n<\/tr>\n<\/table>\n<\/div>\n<div id=\"tabs-2\" class=\"tab_wrapper\"><br class=\"clear\"\/><\/p>\n<table>\n<tr>\n<th>PIJE ENERGJIKE<\/th>\n<th>CMIMI<\/th>\n<\/tr>\n<tr>\n<td>RED BULL<\/td>\n<td>350L<\/td>\n<\/tr>\n<\/table>\n<\/div>\n<div id=\"tabs-3\" class=\"tab_wrapper\"><br class=\"clear\"\/><\/p>\n<table>\n<tr>\n<th>L\u00cbNGJE FRUTASH<\/th>\n<th>CMIMI<\/th>\n<\/tr>\n<tr>\n<td>L\u00cbNG PORTOKALLI<\/td>\n<td>300L<\/td>\n<\/tr>\n<tr>\n<td>L\u00cbNG MOLLE<\/td>\n<td>350L<\/td>\n<\/tr>\n<tr>\n<td>L\u00cbNG PANXHAR DHE PORTOKALL<\/td>\n<td>400L<\/td>\n<\/tr>\n<tr>\n<td>L\u00cbNG FRUTASH MIKS<\/td>\n<td>450L<\/td>\n<\/tr>\n<tr>\n<td>L\u00cbNG ANANASI<\/td>\n<td>650L<\/td>\n<\/tr>\n<\/table>\n<\/div>\n<div id=\"tabs-4\" class=\"tab_wrapper\"><br class=\"clear\"\/><\/p>\n<table>\n<tr>\n<th>AKULLORE<\/th>\n<th>CMIMI<\/th>\n<\/tr>\n<tr>\n<td>1KUPE<\/td>\n<td>100L<\/td>\n<\/tr>\n<tr>\n<td>2 KUPA<\/td>\n<td>200L<\/td>\n<\/tr>\n<tr>\n<td>3 KUPA<\/td>\n<td>270L<\/td>\n<\/tr>\n<tr>\n<td>SORBETO<\/td>\n<td>230L<\/td>\n<\/tr>\n<\/table>\n<\/div>\n<div id=\"tabs-5\" class=\"tab_wrapper\"><br class=\"clear\"\/><\/p>\n<table>\n<tr>\n<th>PIJE TE FTOHTA<\/th>\n<th>CMIMI<\/th>\n<\/tr>\n<tr>\n<td>KAKAO E FFOHT\u00cb<\/td>\n<td>180L<\/td>\n<\/tr>\n<tr>\n<td>FRAPPE<\/td>\n<td>220L<\/td>\n<\/tr>\n<tr>\n<td>ICE COFFE<\/td>\n<td>220L<\/td>\n<\/tr>\n<tr>\n<td>FREDDOCINO<\/td>\n<td>250L<\/td>\n<\/tr>\n<tr>\n<td>COKOLIAT\u00cb E FTOHT\u00cb<\/td>\n<td>250L<\/td>\n<\/tr>\n<tr>\n<td>CAPPUCCINO E FTOHT\u00cb<\/td>\n<td>250L<\/td>\n<\/tr>\n<\/table>\n<\/div>\n<div id=\"tabs-6\" class=\"tab_wrapper\"><br class=\"clear\"\/><\/p>\n<table>\n<tr>\n<th>UJE<\/th>\n<th>CMIMI<\/th>\n<\/tr>\n<tr>\n<td>QAFSHTAMA PLASTIK 0.5 L NATYRAL\/ I GAZUAR<\/td>\n<td>130L<\/td>\n<\/tr>\n<tr>\n<td>QAFSHTAMA QELQ 0.75 L<\/td>\n<td>220L<\/td>\n<\/tr>\n<tr>\n<td>UJE VITAMINA TEPELENA 0.33 L<\/td>\n<td>160L<\/td>\n<\/tr>\n<tr>\n<td>SAN PELEGRINO QELQ 0.25 L<\/td>\n<td>170L<\/td>\n<\/tr>\n<tr>\n<td>UJE PANA QELQ 0.75 L<\/td>\n<td>300L<\/td>\n<\/tr>\n<tr>\n<td>UJE SAN PELEGRINO QELQ 0.75 L<\/td>\n<td>350L<\/td>\n<\/tr>\n<\/table>\n<\/div>\n<\/div>\n<\/div>\n<\/div>\n<\/div>\n<\/div>\n<\/div>\n<div  class=\"one withsmallpadding ppb_header withbg \" style=\"background-image:url(https:\/\/restorantveranda.al\/wp-content\/uploads\/2019\/02\/Untitled-1.1.jpg);background-position: center center;text-align:center;padding:200px 0 200px 0;\" >\n<div class=\"standard_wrapper\">\n<div class=\"page_content_wrapper\">\n<div class=\"inner\">\n<div class=\"page_header_sep center\"><\/div>\n<p><a href=\"https:\/\/restorantveranda.al\/?page_id=6251&#038;lang=en\" rel=\"noopener\" target=\"_blank\"><\/p>\n<h2 style=\"color: white;\">Read more <\/h2>\n<p><\/a><\/p>\n<\/div>\n<\/div>\n<\/div>\n<\/div>\n<div class=\"divider one\">&nbsp;<\/div>\n<div  class=\"one withsmallpadding ppb_text\" style=\"padding-bottom: 0px !important;padding:50px 0 50px 0;\" >\n<div class=\"standard_wrapper\">\n<div class=\"page_content_wrapper\">\n<div class=\"inner\">\n<div style=\"margin:auto;width:100%\">\n<h5 id=ngrohta>TE NXEHTA<\/h5>\n<\/p>\n<div class=\"tabs\">\n<ul>\n<li><a href=\"#tabs-1\">TE NXEHTA<\/a><\/li>\n<\/ul>\n<div id=\"tabs-1\" class=\"tab_wrapper\"><br class=\"clear\"\/><\/p>\n<table>\n<tr>\n<th>PIJE TE NXEHTA<\/th>\n<th>CMIMI<\/th>\n<\/tr>\n<tr>\n<td>QUMESHT ME GOT\u00cb<\/td>\n<td>130L<\/td>\n<\/tr>\n<tr>\n<td>KAFE TURKE<\/td>\n<td>130L<\/td>\n<\/tr>\n<tr>\n<td>COFFE ESPRESSO<\/td>\n<td>130L<\/td>\n<\/tr>\n<tr>\n<td>MACCHIATO<\/td>\n<td>140L<\/td>\n<\/tr>\n<tr>\n<td>CAJ I NXEHT\u00cb ME PUSTIN\u00cb<\/td>\n<td>170L<\/td>\n<\/tr>\n<tr>\n<td>DECAFEINATO<\/td>\n<td>170L<\/td>\n<\/tr>\n<tr>\n<td>KAKAO<\/td>\n<td>170L<\/td>\n<\/tr>\n<tr>\n<td>COFFE LATTE<\/td>\n<td>180L<\/td>\n<\/tr>\n<tr>\n<td>CAPPUCCINO ME KAFE<\/td>\n<td>200L<\/td>\n<\/tr>\n<tr>\n<td>CAPPUCINO DECAFEINATO<\/td>\n<td>220L<\/td>\n<\/tr>\n<tr>\n<td>CAPPUCCINO ME PUSTIN\u00cb<\/td>\n<td>220L<\/td>\n<\/tr>\n<tr>\n<td>COKOLLAT\u00cb E NXEHT\u00cb PUSTIN\u00cb<\/td>\n<td>200L<\/td>\n<\/tr>\n<tr>\n<td>COFFEE KORRETO BAILEYS<\/td>\n<td>230L<\/td>\n<\/tr>\n<tr>\n<td>COFFEE KORRETO SAMBUCA<\/td>\n<td>230L<\/td>\n<\/tr>\n<tr>\n<td>CAJ I NXEHT\u00cb CORRETO KONJAK<\/td>\n<td>230L<\/td>\n<\/tr>\n<tr>\n<td>CAJ SUPERIOR FRENCH<\/td>\n<td>220L<\/td>\n<\/tr>\n<tr>\n<td>NESCAFFE<\/td>\n<td>220L<\/td>\n<\/tr>\n<\/table>\n<\/div>\n<\/div>\n<\/div>\n<\/div>\n<\/div>\n<\/div>\n<\/div>\n<div class=\"divider one\">&nbsp;<\/div>\n<div  class=\"one\" style=\"padding:0px 0 0px 0;\" >\n<div class=\"page_content_wrapper withbg\" style=\"background-image:url(https:\/\/restorantveranda.al\/wp-content\/uploads\/2019\/02\/Untitled-1-1.png);background-size:cover;background-position:center center;height:500px;position:relative;\"><\/div>\n<\/div>\n","protected":false},"excerpt":{"rendered":"<p>&nbsp; Alcoholic fresh Hot Drinks ALKOLIKE VERE E KUQE VERE E BARDHE SPUMANTE BIRRE KOKTEJL WHISKEY BRANDY DISTILATTE TE TJERA VERE E KUQE CMIMI 1 GOTE 0.25 400L 0.5 LITER 600L 1 LITER 1000L CHIANTI BANFI 0.375 L 1200L CENTINE [&hellip;]<\/p>\n","protected":false},"author":2,"featured_media":6075,"parent":0,"menu_order":0,"comment_status":"closed","ping_status":"closed","template":"","meta":{"footnotes":""},"class_list":["post-6189","page","type-page","status-publish","has-post-thumbnail","hentry"],"_links":{"self":[{"href":"https:\/\/restorantveranda.al\/index.php?rest_route=\/wp\/v2\/pages\/6189","targetHints":{"allow":["GET"]}}],"collection":[{"href":"https:\/\/restorantveranda.al\/index.php?rest_route=\/wp\/v2\/pages"}],"about":[{"href":"https:\/\/restorantveranda.al\/index.php?rest_route=\/wp\/v2\/types\/page"}],"author":[{"embeddable":true,"href":"https:\/\/restorantveranda.al\/index.php?rest_route=\/wp\/v2\/users\/2"}],"replies":[{"embeddable":true,"href":"https:\/\/restorantveranda.al\/index.php?rest_route=%2Fwp%2Fv2%2Fcomments&post=6189"}],"version-history":[{"count":25,"href":"https:\/\/restorantveranda.al\/index.php?rest_route=\/wp\/v2\/pages\/6189\/revisions"}],"predecessor-version":[{"id":8072,"href":"https:\/\/restorantveranda.al\/index.php?rest_route=\/wp\/v2\/pages\/6189\/revisions\/8072"}],"wp:featuredmedia":[{"embeddable":true,"href":"https:\/\/restorantveranda.al\/index.php?rest_route=\/wp\/v2\/media\/6075"}],"wp:attachment":[{"href":"https:\/\/restorantveranda.al\/index.php?rest_route=%2Fwp%2Fv2%2Fmedia&parent=6189"}],"curies":[{"name":"wp","href":"https:\/\/api.w.org\/{rel}","templated":true}]}}