{"id":6157,"date":"2019-02-27T12:51:18","date_gmt":"2019-02-27T12:51:18","guid":{"rendered":"https:\/\/restorantveranda.al\/?page_id=6157"},"modified":"2019-02-28T15:39:23","modified_gmt":"2019-02-28T15:39:23","slug":"sherbime","status":"publish","type":"page","link":"https:\/\/restorantveranda.al\/?page_id=6157","title":{"rendered":"Sherbime"},"content":{"rendered":"<div class=\"divider one\">&nbsp;<\/div>\n<div class=\"standard_wrapper\">\n<div  class=\"one_half\" style=\"padding:30px 0 30px 0;\" >\n<div class=\"page_content_wrapper nopadding\">\n<div class=\"inner\">\n<div class=\"slider_wrapper\" >\n<div class=\"flexslider tg_gallery\" data-height=\"\">\n<ul class=\"slides\">\n<li><img decoding=\"async\" src=\"https:\/\/restorantveranda.al\/wp-content\/uploads\/2019\/02\/11863468_1469212636713651_6564936012018167203_n-1.jpg\" alt=\"\" \/>\n<div class=\"gallery_image_caption\">\n<h2><\/h2>\n<\/div>\n<\/li>\n<li><img decoding=\"async\" src=\"https:\/\/restorantveranda.al\/wp-content\/uploads\/2019\/02\/11885371_1469212683380313_6262675542378141550_n-1.jpg\" alt=\"\" \/>\n<div class=\"gallery_image_caption\">\n<h2><\/h2>\n<\/div>\n<\/li>\n<\/ul>\n<\/div>\n<\/div>\n<\/div>\n<\/div>\n<\/div>\n<\/div>\n<div class=\"standard_wrapper\">\n<div  class=\"one_half last withsmallpadding ppb_text\" style=\"padding:30px 0 30px 0;\" >\n<div class=\"standard_wrapper\">\n<div class=\"page_content_wrapper\">\n<div class=\"inner\">\n<div style=\"margin:auto;width:100%\">\n<h2>Katering<\/h2>\n<p>Bar Restorant Veranda TEG ofron dhe sh\u00ebrbime kateringu p\u00ebr cdo event.<br \/>\nTelefono tani n\u00eb numrin :<br \/>\nVeranda TEG <i class=\"fa fa-phone marginright\"> <\/i><a href=\" tel:+355 69 400 4010\">+355 69 400 4010<\/a><\/p>\n<\/div>\n<\/div>\n<\/div>\n<\/div>\n<\/div>\n<\/div>\n<div class=\"divider one\">&nbsp;<\/div>\n<div  class=\"one\" style=\"padding:30px 0 30px 0;\" >\n<div class=\"page_content_wrapper withbg\" style=\"background-image:url(https:\/\/restorantveranda.al\/wp-content\/uploads\/2019\/02\/0N2A5033-2.jpg);background-size:cover;background-position:center center;height:405px;position:relative;\"><\/div>\n<\/div>\n<div class=\"standard_wrapper\">\n<div  class=\"one_half withsmallpadding ppb_text\" style=\"padding:30px 0 30px 0;\" >\n<div class=\"standard_wrapper\">\n<div class=\"page_content_wrapper\">\n<div class=\"inner\">\n<div style=\"margin:auto;width:100%\">\n<h2>Dit\u00eblindje<\/h2>\n<p>Bar Restorant Veranda TEG &#038; QTU ju mund\u00ebson t\u00eb festoni dit\u00eblindje dhe cdo event tjet\u00ebr.<br \/>\nTelefono tani n\u00eb numrin :<br \/>\nVeranda TEG <i class=\"fa fa-phone marginright\"> <\/i><a href=\" tel:+355 69 400 4010\">+355 69 400 4010<\/a><br \/>\nVeranda QTU <i class=\"fa fa-phone marginright\"> <\/i><a href=\" tel:+3355 69 702 0818\">+355 69 702 0818<\/a><\/p>\n<\/div>\n<\/div>\n<\/div>\n<\/div>\n<\/div>\n<\/div>\n<div class=\"standard_wrapper\">\n<div  class=\"one_half last\" style=\"padding:30px 0 30px 0;\" >\n<div class=\"page_content_wrapper nopadding\">\n<div class=\"inner\">\n<div class=\"slider_wrapper\" >\n<div class=\"flexslider tg_gallery\" data-height=\"\">\n<ul class=\"slides\">\n<li><img decoding=\"async\" src=\"https:\/\/restorantveranda.al\/wp-content\/uploads\/2019\/02\/12193659_1491129917855256_940831647417406720_n.jpg\" alt=\"\" \/>\n<div class=\"gallery_image_caption\">\n<h2><\/h2>\n<\/div>\n<\/li>\n<li><img decoding=\"async\" src=\"https:\/\/restorantveranda.al\/wp-content\/uploads\/2019\/02\/12744720_1519706861664228_4283668259414405437_n.jpg\" alt=\"\" \/>\n<div class=\"gallery_image_caption\">\n<h2><\/h2>\n<\/div>\n<\/li>\n<li><img decoding=\"async\" src=\"https:\/\/restorantveranda.al\/wp-content\/uploads\/2019\/02\/13051643_1545633672404880_6033567712532595213_n.jpg\" alt=\"\" \/>\n<div class=\"gallery_image_caption\">\n<h2><\/h2>\n<\/div>\n<\/li>\n<li><img decoding=\"async\" src=\"https:\/\/restorantveranda.al\/wp-content\/uploads\/2019\/02\/13051643_1545633675738213_5311296814745634722_n.jpg\" alt=\"\" \/>\n<div class=\"gallery_image_caption\">\n<h2><\/h2>\n<\/div>\n<\/li>\n<\/ul>\n<\/div>\n<\/div>\n<\/div>\n<\/div>\n<\/div>\n<\/div>\n<div  class=\"one\" style=\"padding:30px 0 30px 0;\" >\n<div class=\"page_content_wrapper withbg\" style=\"background-image:url(https:\/\/restorantveranda.al\/wp-content\/uploads\/2019\/02\/0N2A5022-1.jpg);background-size:cover;background-position:center center;height:400px;position:relative;\"><\/div>\n<\/div>\n<div class=\"standard_wrapper\">\n<div  class=\"one_half withsmallpadding ppb_text\" style=\"padding:30px 0 30px 0;\" >\n<div class=\"standard_wrapper\">\n<div class=\"page_content_wrapper\">\n<div class=\"inner\">\n<div style=\"margin:auto;width:100%\">\n<h2>Porosit tani<\/h2>\n<p>Telefono tani n\u00eb numrin :<br \/>\nVeranda TEG <i class=\"fa fa-phone marginright\"> <\/i><a href=\" tel:+355 69 400 4010\">+355 69 400 4010<\/a><\/p>\n<\/div>\n<\/div>\n<\/div>\n<\/div>\n<\/div>\n<\/div>\n<div class=\"standard_wrapper\">\n<div  class=\"one_half last\" style=\"padding:30px 0 30px 0;\" >\n<div class=\"page_content_wrapper nopadding\">\n<div class=\"inner\">\n<div class=\"slider_wrapper\" >\n<div class=\"flexslider tg_gallery\" data-height=\"\">\n<ul class=\"slides\">\n<li><img decoding=\"async\" src=\"https:\/\/restorantveranda.al\/wp-content\/uploads\/2019\/02\/deliver-1.png\" alt=\"\" \/>\n<div class=\"gallery_image_caption\">\n<h2><\/h2>\n<\/div>\n<\/li>\n<\/ul>\n<\/div>\n<\/div>\n<\/div>\n<\/div>\n<\/div>\n<\/div>\n","protected":false},"excerpt":{"rendered":"<p>&nbsp; Katering Bar Restorant Veranda TEG ofron dhe sh\u00ebrbime kateringu p\u00ebr cdo event. Telefono tani n\u00eb numrin : Veranda TEG +355 69 400 4010 &nbsp; Dit\u00eblindje Bar Restorant Veranda TEG &#038; QTU ju mund\u00ebson t\u00eb festoni dit\u00eblindje dhe cdo event [&hellip;]<\/p>\n","protected":false},"author":2,"featured_media":5504,"parent":0,"menu_order":0,"comment_status":"closed","ping_status":"closed","template":"","meta":{"footnotes":""},"class_list":["post-6157","page","type-page","status-publish","has-post-thumbnail","hentry"],"_links":{"self":[{"href":"https:\/\/restorantveranda.al\/index.php?rest_route=\/wp\/v2\/pages\/6157","targetHints":{"allow":["GET"]}}],"collection":[{"href":"https:\/\/restorantveranda.al\/index.php?rest_route=\/wp\/v2\/pages"}],"about":[{"href":"https:\/\/restorantveranda.al\/index.php?rest_route=\/wp\/v2\/types\/page"}],"author":[{"embeddable":true,"href":"https:\/\/restorantveranda.al\/index.php?rest_route=\/wp\/v2\/users\/2"}],"replies":[{"embeddable":true,"href":"https:\/\/restorantveranda.al\/index.php?rest_route=%2Fwp%2Fv2%2Fcomments&post=6157"}],"version-history":[{"count":5,"href":"https:\/\/restorantveranda.al\/index.php?rest_route=\/wp\/v2\/pages\/6157\/revisions"}],"predecessor-version":[{"id":6586,"href":"https:\/\/restorantveranda.al\/index.php?rest_route=\/wp\/v2\/pages\/6157\/revisions\/6586"}],"wp:featuredmedia":[{"embeddable":true,"href":"https:\/\/restorantveranda.al\/index.php?rest_route=\/wp\/v2\/media\/5504"}],"wp:attachment":[{"href":"https:\/\/restorantveranda.al\/index.php?rest_route=%2Fwp%2Fv2%2Fmedia&parent=6157"}],"curies":[{"name":"wp","href":"https:\/\/api.w.org\/{rel}","templated":true}]}}