{"id":5561,"date":"2019-02-18T15:01:21","date_gmt":"2019-02-18T15:01:21","guid":{"rendered":"https:\/\/restorantveranda.al\/?page_id=5561"},"modified":"2022-03-04T10:14:45","modified_gmt":"2022-03-04T10:14:45","slug":"karriera","status":"publish","type":"page","link":"https:\/\/restorantveranda.al\/?page_id=5561","title":{"rendered":"Karriera"},"content":{"rendered":"<div class=\"standard_wrapper\">\n<div  class=\"one_fourth withsmallpadding ppb_text\" style=\"padding:30px 0 30px 0;\" >\n<div class=\"standard_wrapper\">\n<div class=\"page_content_wrapper\">\n<div class=\"inner\">\n<div style=\"margin:auto;width:100%\">\n<h2><\/h2>\n<\/div>\n<\/div>\n<\/div>\n<\/div>\n<\/div>\n<\/div>\n<div class=\"standard_wrapper\">\n<div  class=\"one_half withsmallpadding ppb_text\" style=\"padding:30px 0 30px 0;\" >\n<div class=\"standard_wrapper\">\n<div class=\"page_content_wrapper\">\n<div class=\"inner\">\n<div style=\"margin:auto;width:100%\">\n<div class=\"row\" style=\"background-color: #ffffff61;\">\n<strong style=\"background-color: #ffffff61 !important;\"><\/p>\n<h2 style=\"text-align: center;\">Restorant Veranda<\/h2>\n<p style=\"text-align: center;\">Behuni pjese e nj\u00eb ekipi me eksperienc\u00eb i cili punon si nj\u00eb grup i vet\u00ebm plot energji dhe harmoni.<br \/>\nNe punojm\u00eb me ekipin ton\u00eb p\u00ebr nj\u00eb p\u00ebrsosm\u00ebri dhe ndjenje t\u00eb lart\u00eb t\u00eb mik\u00ebpritjes.<br \/>\nK\u00ebtu do t\u00eb gjeni nj\u00eb ambjent t\u00eb ngroht\u00eb dhe t\u00eb p\u00ebrgjegjsh\u00ebm p\u00ebr pun\u00ebn q\u00eb b\u00ebjm\u00eb.<br \/>\nEjani t\u00eb punoni n\u00eb nj\u00eb nga restorantet m\u00eb emocionuese n\u00eb Tiran\u00eb, Restorant Veranda TEG!\n<\/p>\n<p><\/strong>\n<\/div>\n<\/div>\n<\/div>\n<\/div>\n<\/div>\n<\/div>\n<\/div>\n<div class=\"standard_wrapper\">\n<div  class=\"one_fourth withsmallpadding ppb_text\" style=\"padding:30px 0 30px 0;\" >\n<div class=\"standard_wrapper\">\n<div class=\"page_content_wrapper\">\n<div class=\"inner\">\n<div style=\"margin:auto;width:100%\"><\/div>\n<\/div>\n<\/div>\n<\/div>\n<\/div>\n<\/div>\n<div class=\"standard_wrapper\">\n<div  class=\"one_half withsmallpadding ppb_text\" style=\"padding:30px 0 30px 0;\" >\n<div class=\"standard_wrapper\">\n<div class=\"page_content_wrapper\">\n<div class=\"inner\">\n<div style=\"margin:auto;width:100%\">\n<p style=\"text-align: center;\">\n<div role=\"form\" class=\"wpcf7\" id=\"wpcf7-f6920-o1\" lang=\"sq-AL\" dir=\"ltr\">\n<div class=\"screen-reader-response\">\n<p role=\"status\" aria-live=\"polite\" aria-atomic=\"true\">\n<ul><\/ul>\n<\/div>\n<form action=\"\/wp-admin\/post.php#wpcf7-f6920-o1\" method=\"post\" class=\"wpcf7-form init\" enctype=\"multipart\/form-data\" novalidate=\"novalidate\" data-status=\"init\">\n<div style=\"display: none;\">\n<input type=\"hidden\" name=\"_wpcf7\" value=\"6920\" \/><br \/>\n<input type=\"hidden\" name=\"_wpcf7_version\" value=\"5.5.6\" \/><br \/>\n<input type=\"hidden\" name=\"_wpcf7_locale\" value=\"sq_AL\" \/><br \/>\n<input type=\"hidden\" name=\"_wpcf7_unit_tag\" value=\"wpcf7-f6920-o1\" \/><br \/>\n<input type=\"hidden\" name=\"_wpcf7_container_post\" value=\"0\" \/><br \/>\n<input type=\"hidden\" name=\"_wpcf7_posted_data_hash\" value=\"\" \/><br \/>\n<input type=\"hidden\" name=\"_wpcf7_recaptcha_response\" value=\"\" \/>\n<\/div>\n<p><label> Emri (required)<br \/>\n    <span class=\"wpcf7-form-control-wrap emri\"><input type=\"text\" name=\"emri\" value=\"\" size=\"40\" class=\"wpcf7-form-control wpcf7-text wpcf7-validates-as-required\" aria-required=\"true\" aria-invalid=\"false\" \/><\/span> <\/label><\/p>\n<p><label>Email juaj (required)<br \/>\n    <span class=\"wpcf7-form-control-wrap email-juaj\"><input type=\"email\" name=\"email-juaj\" value=\"\" size=\"40\" class=\"wpcf7-form-control wpcf7-text wpcf7-email wpcf7-validates-as-required wpcf7-validates-as-email\" aria-required=\"true\" aria-invalid=\"false\" \/><\/span> <\/label><br \/>\n<label>Numri i telefonit<br \/>\n    <span class=\"wpcf7-form-control-wrap tel-53\"><input type=\"tel\" name=\"tel-53\" value=\"\" size=\"40\" class=\"wpcf7-form-control wpcf7-text wpcf7-tel wpcf7-validates-as-required wpcf7-validates-as-tel\" aria-required=\"true\" aria-invalid=\"false\" \/><\/span><\/label><br \/>\n<label> Pozicioni <\/label><span class=\"wpcf7-form-control-wrap Pozicioni\"><span class=\"wpcf7-form-control wpcf7-checkbox wpcf7-validates-as-required wpcf7-exclusive-checkbox\"><span class=\"wpcf7-list-item first\"><input type=\"checkbox\" name=\"Pozicioni\" value=\"Hostess\" \/><span class=\"wpcf7-list-item-label\">Hostess<\/span><\/span><span class=\"wpcf7-list-item\"><input type=\"checkbox\" name=\"Pozicioni\" value=\"Kamarier\" \/><span class=\"wpcf7-list-item-label\">Kamarier<\/span><\/span><span class=\"wpcf7-list-item\"><input type=\"checkbox\" name=\"Pozicioni\" value=\"Banakier\" \/><span class=\"wpcf7-list-item-label\">Banakier<\/span><\/span><span class=\"wpcf7-list-item\"><input type=\"checkbox\" name=\"Pozicioni\" value=\"Guzhinier\" \/><span class=\"wpcf7-list-item-label\">Guzhinier<\/span><\/span><span class=\"wpcf7-list-item last\"><input type=\"checkbox\" name=\"Pozicioni\" value=\"Te tjere\" \/><span class=\"wpcf7-list-item-label\">Te tjere<\/span><\/span><\/span><\/span><\/p>\n<p><label> Pershkrimi<br \/>\n    <span class=\"wpcf7-form-control-wrap pershkrimi\"><textarea name=\"pershkrimi\" cols=\"40\" rows=\"10\" class=\"wpcf7-form-control wpcf7-textarea\" aria-invalid=\"false\"><\/textarea><\/span> <\/label><br \/>\n<label>Dergoni CV tuaj<\/label><\/p>\n<p><span class=\"wpcf7-form-control-wrap file-459\"><input type=\"file\" name=\"file-459\" size=\"40\" class=\"wpcf7-form-control wpcf7-file wpcf7-validates-as-required\" accept=\".doc,.pdf,.csv,.jpg,.png\" aria-required=\"true\" aria-invalid=\"false\" \/><\/span><\/p>\n<p><input type=\"submit\" value=\"Dergo\" class=\"wpcf7-form-control has-spinner wpcf7-submit\" \/><\/p>\n<div class=\"wpcf7-response-output\" aria-hidden=\"true\"><\/div>\n<\/form>\n<\/div>\n<\/div>\n<\/div>\n<\/div>\n<\/div>\n<\/div>\n<\/div>\n","protected":false},"excerpt":{"rendered":"<p>Restorant Veranda Behuni pjese e nj\u00eb ekipi me eksperienc\u00eb i cili punon si nj\u00eb grup i vet\u00ebm plot energji dhe harmoni. Ne punojm\u00eb me ekipin ton\u00eb p\u00ebr nj\u00eb p\u00ebrsosm\u00ebri dhe ndjenje t\u00eb lart\u00eb t\u00eb mik\u00ebpritjes. K\u00ebtu do t\u00eb gjeni nj\u00eb [&hellip;]<\/p>\n","protected":false},"author":2,"featured_media":5564,"parent":0,"menu_order":0,"comment_status":"closed","ping_status":"closed","template":"","meta":{"footnotes":""},"class_list":["post-5561","page","type-page","status-publish","has-post-thumbnail","hentry"],"_links":{"self":[{"href":"https:\/\/restorantveranda.al\/index.php?rest_route=\/wp\/v2\/pages\/5561","targetHints":{"allow":["GET"]}}],"collection":[{"href":"https:\/\/restorantveranda.al\/index.php?rest_route=\/wp\/v2\/pages"}],"about":[{"href":"https:\/\/restorantveranda.al\/index.php?rest_route=\/wp\/v2\/types\/page"}],"author":[{"embeddable":true,"href":"https:\/\/restorantveranda.al\/index.php?rest_route=\/wp\/v2\/users\/2"}],"replies":[{"embeddable":true,"href":"https:\/\/restorantveranda.al\/index.php?rest_route=%2Fwp%2Fv2%2Fcomments&post=5561"}],"version-history":[{"count":16,"href":"https:\/\/restorantveranda.al\/index.php?rest_route=\/wp\/v2\/pages\/5561\/revisions"}],"predecessor-version":[{"id":8035,"href":"https:\/\/restorantveranda.al\/index.php?rest_route=\/wp\/v2\/pages\/5561\/revisions\/8035"}],"wp:featuredmedia":[{"embeddable":true,"href":"https:\/\/restorantveranda.al\/index.php?rest_route=\/wp\/v2\/media\/5564"}],"wp:attachment":[{"href":"https:\/\/restorantveranda.al\/index.php?rest_route=%2Fwp%2Fv2%2Fmedia&parent=5561"}],"curies":[{"name":"wp","href":"https:\/\/api.w.org\/{rel}","templated":true}]}}