{"id":5081,"date":"2019-02-12T18:54:54","date_gmt":"2019-02-12T18:54:54","guid":{"rendered":"https:\/\/restorantveranda.al\/?page_id=5081"},"modified":"2023-05-23T15:16:47","modified_gmt":"2023-05-23T15:16:47","slug":"restoranti","status":"publish","type":"page","link":"https:\/\/restorantveranda.al\/?page_id=5081","title":{"rendered":"Restorant"},"content":{"rendered":"<div  class=\"one withsmallpadding ppb_text\" style=\"padding:30px 0 30px 0;\" >\n<div class=\"standard_wrapper\">\n<div class=\"page_content_wrapper\">\n<div class=\"inner\">\n<div style=\"margin:auto;width:100%\">\n<p style=\"text-align: center;\">\n   <a class=\"button\" href=\"#mengjesi\" style=\"background-color:#cfa670eb; width: 200px;margin: 10px;\">M\u00ebngjesi<\/a> <a class=\"button\" href=\"#hyrese\" style=\"background-color:#cfa670eb; width: 200px;margin: 10px;\">Antipasta, Sallata, Supat<\/a> <a class=\"button\" href=\"#pasta\" style=\"background-color:#cfa670eb; width: 200px;margin: 10px;\">Pasta &#038; Rizoto<\/a> <a class=\"button\" href=\"#pica\" style=\"background-color:#cfa670eb; width: 200px;margin: 10px;\">Pizza<\/a> <a class=\"button\" href=\"#kryesore\"style=\"background-color:#cfa670eb; width: 200px;margin: 10px;\">Pjata Kryesore<\/a> <a class=\"button\" href=\"#embelsira\"style=\"background-color:#cfa670eb; width: 200px;margin: 10px;\">Embelsira<\/a>\n<\/p>\n<\/div>\n<\/div>\n<\/div>\n<\/div>\n<\/div>\n<div  class=\"one withsmallpadding ppb_text\" style=\"padding:30px 0 30px 0;\" >\n<div class=\"standard_wrapper\">\n<div class=\"page_content_wrapper\">\n<div class=\"inner\">\n<div style=\"margin:auto;width:100%\">\n<h5 id=mengjesi>M\u00ebngjesi<\/h5>\n<div class=\"tabs\">\n<ul>\n<li><a href=\"#tabs-1\">M\u00cbNGJESI<\/a><\/li>\n<li><a href=\"#tabs-2\">EXTRA<\/a><\/li>\n<\/ul>\n<div id=\"tabs-1\" class=\"tab_wrapper\"><br class=\"clear\"\/><\/p>\n<table>\n<tbody>\n<tr>\n<th>MENGJESI<\/th>\n<th>CMIMI<\/th>\n<\/tr>\n<tr>\n<td>OMELETE E THJESHTE<\/td>\n<td>300L<\/td>\n<\/tr>\n<tr>\n<td>VEZE SY (dy kokrra)<\/td>\n<td>300L<\/td>\n<\/tr>\n<tr>\n<td>OMELETE ME DJATHE<\/td>\n<td>400L<\/td>\n<\/tr>\n<tr>\n<td>OMLETE ME DJATHE &#038; PROSHUTE<\/td>\n<td>500L<\/td>\n<\/tr>\n<tr>\n<td>PETULLA ME RECEL DHE DJATHE<\/td>\n<td>550L<\/td>\n<\/tr>\n<tr>\n<td>FRENCH TOAST (fruta dhe shurup panje)<\/td>\n<td>550L<\/td>\n<\/tr>\n<tr>\n<td>PANCAKE (nutella, fruta, fistike)<\/td>\n<td>550L<\/td>\n<\/tr>\n<tr>\n<td>TOAST ME SALCE AVOKADO ,BACON DHE VEZE SY<\/td>\n<td>600L<\/td>\n<\/tr>\n<tr>\n<td>WAFFEL ( me shllak, luleshtrydhe, boronic, shurup panje, stika pishe)<\/td>\n<td>600L<\/td>\n<\/tr>\n<tr>\n<td>EGG BENEDICT (me salmon te tymosur\/ proshut )<\/td>\n<td>700L<\/td>\n<\/tr>\n<tr>\n<td>MENGJES &#8220;VERANDA&#8221; (2 veze sy,pancete,djathe skarmoza,pomodorini,leng portokalli)<\/td>\n<td>780L<\/td>\n<\/tr>\n<\/tbody>\n<\/table>\n<\/div>\n<div id=\"tabs-2\" class=\"tab_wrapper\"><br class=\"clear\"\/><\/p>\n<table>\n<tr>\n<th>EXTRA<\/th>\n<th>CMIMI<\/th>\n<\/tr>\n<tr>\n<td>DJATHE I BARDHE<\/td>\n<td>200L<\/td>\n<\/tr>\n<tr>\n<td>DJATHE KACKAVALL<\/td>\n<td>200L<\/td>\n<\/tr>\n<tr>\n<td>SALCICE (2 cope )<\/td>\n<td>200L<\/td>\n<\/tr>\n<tr>\n<td>RECEL<\/td>\n<td>150L<\/td>\n<\/tr>\n<tr>\n<td>GJALP<\/td>\n<td>150L<\/td>\n<\/tr>\n<tr>\n<td>MJALTE<\/td>\n<td>150L<\/td>\n<\/tr>\n<tr>\n<td>COKOLLATE E SHKRIRE<\/td>\n<td>80L<\/td>\n<\/tr>\n<\/table>\n<\/div>\n<\/div>\n<\/div>\n<\/div>\n<\/div>\n<\/div>\n<\/div>\n<div  class=\"one withsmallpadding ppb_text\" style=\"padding:30px 0 30px 0;\" >\n<div class=\"standard_wrapper\">\n<div class=\"page_content_wrapper\">\n<div class=\"inner\">\n<div style=\"margin:auto;width:100%\">\n<h5 id=hyrese>HYRESE<\/h5>\n<div class=\"tabs\">\n<ul>\n<li><a href=\"#tabs-1\">ANTIPASTA <\/a><\/li>\n<li><a href=\"#tabs-2\">SALLATA<\/a><\/li>\n<li><a href=\"#tabs-3\">SUPAT<\/a><\/li>\n<\/ul>\n<div id=\"tabs-1\" class=\"tab_wrapper\"><br class=\"clear\"\/><\/p>\n<table>\n<tbody>\n<tr>\n<th>ANTIPASTA<\/th>\n<th>CMIMI<\/th>\n<\/tr>\n<tr>\n<td>DJATHE I BARDHE <br \/> ( i skuqur i mbeshtjelle me bajame dhe salce chilli )<\/td>\n<td>600L<\/td>\n<\/tr>\n<tr>\n<td>KRAHE PULE ME PATATE DHE SALCE CHILLI<\/td>\n<td>650L<\/td>\n<\/tr>\n<tr>\n<td>CPRESE <br \/> (domate, mocarela, pesto dhe krem balsamiko )<\/td>\n<td>680L<\/td>\n<\/tr>\n<tr>\n<td>PATATE E EMBEL <br \/> (avokado, mocarela, pomodorini)<\/td>\n<td>750L<\/td>\n<\/tr>\n<tr>\n<td>GUACAMOLE ME NACHOS PER 2 PERSONA <br \/> (avokado, domate, qepe, lime, hudher)<\/td>\n<td>800L<\/td>\n<\/tr>\n<tr>\n<td>BURRATA FRESCA ME POMODORINI <\/td>\n<td>900L<\/td>\n<\/tr>\n<tr>\n<td>TAVE KARKALECI <br \/> (me pana dhe djathe)<\/td>\n<td>950L<\/td>\n<\/tr>\n<tr>\n<td>TACOS ME KARKALECA <br \/> ( Laker e kuqe,miser,salc guacamole, rikota )<\/td>\n<td>1000L<\/td>\n<\/tr>\n<tr>\n<td>MIX DJATHRASH <\/td>\n<td>1550L<\/td>\n<\/tr>\n<tr>\n<td>MIX PROSHUTE &#038; DJATHRA PER 2 OSE 3 PERSONA <\/td>\n<td>1600\/ 1800 L<\/td>\n<\/tr>\n<\/tbody>\n<\/table>\n<\/div>\n<div id=\"tabs-2\" class=\"tab_wrapper\"><br class=\"clear\"\/><\/p>\n<table>\n<tbody>\n<tr>\n<th>SALLATA<\/th>\n<th>CMIMI<\/th>\n<\/tr>\n<tr>\n<td>SALLATE GREKE <br \/> (sallate jeshile, domate, kastravec, speca, djathe i bardhe, ullinj) <\/td>\n<td>600L<\/td>\n<\/tr>\n<tr>\n<td>ANTI OKSIDANTE <br \/> (rukola, mango, shege, dressing) <\/td>\n<td>700L<\/td>\n<\/tr>\n<tr>\n<td>RUKOLA <br \/> (molle,djathe brie,recel boronice,feta bajame te pjekura,dressing) <\/td>\n<td>700L<\/td>\n<\/tr>\n<tr>\n<td>CESAR <br \/> (pule, pancete, miser, pomodorini, cruotons, dressing) <\/td>\n<td>700L<\/td>\n<\/tr>\n<tr>\n<td>MIKS SALLATE SHUMENGJYRESHE <br \/> (avokado, pule, pancete, djathe guda, veze dhe dressing) <\/td>\n<td>750L<\/td>\n<\/tr>\n<tr>\n<td>PRIMAVERA <br \/> ( Finok, djathe I bardhe, portokalle, arra, qiqra ) <\/td>\n<td>800L<\/td>\n<\/tr>\n<tr>\n<td>RUKOLA, PROSHUT, POMODORINI <\/td>\n<td>850L<\/td>\n<\/tr>\n<tr>\n<td>SHUMENGJYRESH SALMON I TYMOSUR <br \/> (avokado, susam, miser, pomodorini, dressing) e sherbyer ne tas buke shtepie <\/td>\n<td>880L<\/td>\n<\/tr>\n<tr>\n<td>SALLATE ME KARKALECA &#038; AVOKADO <br \/> ( spinaq, sallate iceberg, valeriana, rukola, pomodorini, miser, dressing) <\/td>\n<td>880L<\/td>\n<\/tr>\n<tr>\n<td>SALLATE ME RUKOLA, MANGO, KARKALEC, AVOKADO,QEPE, LIME <\/td>\n<td>900L<\/td>\n<\/tr>\n<\/tbody>\n<\/table>\n<\/div>\n<div id=\"tabs-3\" class=\"tab_wrapper\"><br class=\"clear\"\/><\/p>\n<table>\n<tbody>\n<tr>\n<th>SUPAT<\/th>\n<th>CMIMI<\/th>\n<\/tr>\n<tr>\n<td>SUPE ME PERIME<\/td>\n<td>450L<\/td>\n<\/tr>\n<tr>\n<td>KREM PULE<\/td>\n<td>450L<\/td>\n<\/tr>\n<tr>\n<td>SUPE BROKOLI ME KARKALEC, KERPUDHE <\/td>\n<td>450L<\/td>\n<\/tr>\n<tr>\n<td>SUPE PESHKU ME PERIME<\/td>\n<td>500L<\/td>\n<\/tr>\n<\/tbody>\n<\/table>\n<\/div>\n<\/div>\n<\/div>\n<\/div>\n<\/div>\n<\/div>\n<\/div>\n<div  class=\"one\" style=\"padding:30px 0 30px 0;\" >\n<div class=\"slider_wrapper\" style=\"height:500px;\">\n<div class=\"flexslider tg_gallery\" data-height=\"500\">\n<ul class=\"slides\">\n<li><img decoding=\"async\" src=\"https:\/\/restorantveranda.al\/wp-content\/uploads\/2019\/02\/MG_4923-2.jpg\" alt=\"\" style=\"width:100%;\"\/>\n<div class=\"gallery_image_caption\">\n<h2><\/h2>\n<\/div>\n<\/li>\n<li><img decoding=\"async\" src=\"https:\/\/restorantveranda.al\/wp-content\/uploads\/2019\/02\/MG_4944.jpg\" alt=\"\" style=\"width:100%;\"\/>\n<div class=\"gallery_image_caption\">\n<h2><\/h2>\n<\/div>\n<\/li>\n<li><img decoding=\"async\" src=\"https:\/\/restorantveranda.al\/wp-content\/uploads\/2019\/02\/MG_4974.jpg\" alt=\"\" style=\"width:100%;\"\/>\n<div class=\"gallery_image_caption\">\n<h2><\/h2>\n<\/div>\n<\/li>\n<li><img decoding=\"async\" src=\"https:\/\/restorantveranda.al\/wp-content\/uploads\/2019\/02\/MG_5079.jpg\" alt=\"\" style=\"width:100%;\"\/>\n<div class=\"gallery_image_caption\">\n<h2><\/h2>\n<\/div>\n<\/li>\n<li><img decoding=\"async\" src=\"https:\/\/restorantveranda.al\/wp-content\/uploads\/2019\/02\/supat.jpg\" alt=\"\" style=\"width:100%;\"\/>\n<div class=\"gallery_image_caption\">\n<h2><\/h2>\n<\/div>\n<\/li>\n<\/ul>\n<\/div>\n<\/div>\n<\/div>\n<div  class=\"one withsmallpadding ppb_text\" style=\"padding:30px 0 30px 0;\" >\n<div class=\"standard_wrapper\">\n<div class=\"page_content_wrapper\">\n<div class=\"inner\">\n<div style=\"margin:auto;width:100%\">\n<h5 id=pasta>PASTA &#038; RIZOTO<\/h5>\n<\/p>\n<div class=\"tabs\">\n<ul>\n<li><a href=\"#tabs-1\">PASTA TE FRESK\u00cbTA <\/a><\/li>\n<li><a href=\"#tabs-2\">RIZOTO<\/a><\/li>\n<\/ul>\n<div id=\"tabs-1\" class=\"tab_wrapper\"><br class=\"clear\"\/><\/p>\n<table>\n<tr>\n<th>PASTA TE FRESK\u00cbTA<\/th>\n<th>CMIMI<\/th>\n<\/tr>\n<tr>\n<td>SPAGHETTI AGLIO, OLIO, PEPPERONCINO<\/td>\n<td>600L<\/td>\n<\/tr>\n<tr>\n<td>PENNE BOLOGNESE<\/td>\n<td>700L<\/td>\n<\/tr>\n<tr>\n<td>SPAGHETTI NAPOLITAN <br \/> ( pomodorini, grana padana, hudher )<\/td>\n<td>700L<\/td>\n<\/tr>\n<tr>\n<td>CASSARECE ME PULE <br \/> ( rukola, pana, pomodorini, hudher, grana padano)<\/td>\n<td>700L<\/td>\n<\/tr>\n<tr>\n<td>RAVIOLI ME TARTUF <br \/> (pana)<\/td>\n<td>750L<\/td>\n<\/tr>\n<tr>\n<td>SPAGHETTI CARBONARA<\/td>\n<td>750L<\/td>\n<\/tr>\n<tr>\n<td>TAGLIATELLE <br \/> (me kungull, karkalec, bajame, pomodorini)<\/td>\n<td>800L<\/td>\n<\/tr>\n<tr>\n<td>LINGUINE ME TARTUF &#038; KARKALEC ( pomodorini)<\/td>\n<td>800L<\/td>\n<\/tr>\n<tr>\n<td>ORECCIETE <br \/> ( me salcice artizanale te fresket, brokoli)<\/td>\n<td>800L<\/td>\n<\/tr>\n<tr>\n<td>PENNE SPEK &#038; FISTIK<\/td>\n<td>850L<\/td>\n<\/tr>\n<tr>\n<td>CALAMARETTI ME KARKALEC &#038; PORCINI <br \/> ( rukola ,grana padano)<\/td>\n<td>850L<\/td>\n<\/tr>\n<tr>\n<td>LINGUINE ME SALMON <br \/> ( pana, pomodorini, chardonnay, hudher)<\/td>\n<td>850L<\/td>\n<\/tr>\n<tr>\n<td>SPAGHETTI ME KREM AVOKADO DHE KARKALEC<\/td>\n<td>850L<\/td>\n<\/tr>\n<\/table>\n<\/div>\n<div id=\"tabs-2\" class=\"tab_wrapper\"><br class=\"clear\"\/><\/p>\n<table>\n<tr>\n<th>RIZOTO<\/th>\n<th>CMIMI<\/th>\n<\/tr>\n<tr>\n<td>RIZOTO PERIME &#038; BAJAME<\/td>\n<td>650L<\/td>\n<\/tr>\n<tr>\n<td>RIZOTO INTEGRAL ME PULE DHE SALCE CURRY<br \/>(pana)<\/td>\n<td>750L<\/td>\n<\/tr>\n<tr>\n<td>RIZOTO KARKALEC DHE LIMON<br \/>(shege)<\/td>\n<td>750L<\/td>\n<\/tr>\n<tr>\n<td>RIZOTO KREM KUNGULL, SALMON, FARA KUNGULLI<\/td>\n<td>800L<\/td>\n<\/tr>\n<tr>\n<td>RIZOTO PULE ME KARKALEC<\/td>\n<td>900L<\/td>\n<\/tr>\n<p>   <!--END NEW PRODUCT--><br \/>\n<\/table>\n<\/div>\n<\/div>\n<\/div>\n<\/div>\n<\/div>\n<\/div>\n<\/div>\n<div  class=\"one\" style=\"padding:30px 0 30px 0;\" >\n<div class=\"slider_wrapper\" style=\"height:500px;\">\n<div class=\"flexslider tg_gallery\" data-height=\"500\">\n<ul class=\"slides\">\n<li><img decoding=\"async\" src=\"https:\/\/restorantveranda.al\/wp-content\/uploads\/2019\/02\/MG_4967.jpg\" alt=\"\" style=\"width:100%;\"\/>\n<div class=\"gallery_image_caption\">\n<h2><\/h2>\n<\/div>\n<\/li>\n<li><img decoding=\"async\" src=\"https:\/\/restorantveranda.al\/wp-content\/uploads\/2019\/02\/MG_5018.jpg\" alt=\"\" style=\"width:100%;\"\/>\n<div class=\"gallery_image_caption\">\n<h2><\/h2>\n<\/div>\n<\/li>\n<li><img decoding=\"async\" src=\"https:\/\/restorantveranda.al\/wp-content\/uploads\/2019\/02\/MG_5108.jpg\" alt=\"\" style=\"width:100%;\"\/>\n<div class=\"gallery_image_caption\">\n<h2><\/h2>\n<\/div>\n<\/li>\n<li><img decoding=\"async\" src=\"https:\/\/restorantveranda.al\/wp-content\/uploads\/2019\/02\/MG_5115.jpg\" alt=\"\" style=\"width:100%;\"\/>\n<div class=\"gallery_image_caption\">\n<h2><\/h2>\n<\/div>\n<\/li>\n<li><img decoding=\"async\" src=\"https:\/\/restorantveranda.al\/wp-content\/uploads\/2019\/02\/MG_5179.jpg\" alt=\"\" style=\"width:100%;\"\/>\n<div class=\"gallery_image_caption\">\n<h2><\/h2>\n<\/div>\n<\/li>\n<li><img decoding=\"async\" src=\"https:\/\/restorantveranda.al\/wp-content\/uploads\/2019\/02\/MG_5207.jpg\" alt=\"\" style=\"width:100%;\"\/>\n<div class=\"gallery_image_caption\">\n<h2><\/h2>\n<\/div>\n<\/li>\n<\/ul>\n<\/div>\n<\/div>\n<\/div>\n<div  class=\"one withsmallpadding ppb_text\" style=\"padding:30px 0 30px 0;\" >\n<div class=\"standard_wrapper\">\n<div class=\"page_content_wrapper\">\n<div class=\"inner\">\n<div style=\"margin:auto;width:100%\">\n<h5 id=pica>PIZZA<\/h5>\n<\/p>\n<div class=\"tabs\">\n<ul>\n<li><a href=\"#tabs-1\">PIZZA ME FURR\u00cb DRURI<\/a><\/li>\n<\/ul>\n<div id=\"tabs-1\" class=\"tab_wrapper\"><br class=\"clear\"\/><\/p>\n<table>\n<tr>\n<th>PIZZA<\/th>\n<th>CMIMI<\/th>\n<\/tr>\n<tr>\n<td>FOKACE ME VAJ ULLIRI DHE RIGON<\/td>\n<td>450L<\/td>\n<\/tr>\n<tr>\n<td>FOKACE ME DJATHE TE BARDHE<\/td>\n<td>500L<\/td>\n<\/tr>\n<tr>\n<td>FOKACE ME DOMATE DHE DJATHE TE BARDHE<\/td>\n<td>550L<\/td>\n<\/tr>\n<tr>\n<td>FOKACE 3 SALCA<\/td>\n<td>650L<\/td>\n<\/tr>\n<tr>\n<td>MARGARITA  <br \/> (mocarela,domate)<\/td>\n<td>680L<\/td>\n<\/tr>\n<tr>\n<th>PROSHUTE COTO  <br \/> (mocarela, domate )<\/th>\n<th>700L<\/th>\n<\/tr>\n<tr>\n<th>PROSHUTE PULE  <br \/> (mocarela, domate )<\/th>\n<th>700L<\/th>\n<\/tr>\n<tr>\n<td>VEGJETARIANE <br \/> (kungull, domate, speca, rukola, qepe e kuqe)<\/td>\n<td>700L<\/td>\n<\/tr>\n<tr>\n<td>PROSHUTE &#038; SALLAM <br \/> (proshute cotto dhe sallam milanez)<\/td>\n<td>750L<\/td>\n<\/tr>\n<tr>\n<td>DIAVOLA ME SALLAM PIKANT DHE ULLINJ<\/td>\n<td>750L<\/td>\n<\/tr>\n<tr>\n<td>KAPRICOZE <br \/> (proshute cotto, sallam milanez dhe kerpudha te fresketa)<\/td>\n<td>750L<\/td>\n<\/tr>\n<tr>\n<td>4 STINET <br \/> (proshute cotto, ton, kerpudha, ullinj me feta)<\/td>\n<td>750L<\/td>\n<\/tr>\n<tr>\n<th>TON <br \/> (ton, qepe, ullinj me feta)<\/th>\n<th>750L<\/th>\n<\/tr>\n<tr>\n<td>4 DJATHRAT <br \/> (grana, gorgonxola, scamorca, mocarela)<\/td>\n<td>800L<\/td>\n<\/tr>\n<tr>\n<td>PIZZA SORRISO <br \/> ( spinaq, djathe i bardhe, proshute pule, ullinj me feta, pomodorini)<\/td>\n<td>850L<\/td>\n<\/tr>\n<tr>\n<td>ELEGANCE <br \/> (rukola, proshute crudo, pomodorini, grana)<\/td>\n<td>850L<\/td>\n<\/tr>\n<tr>\n<td>PIZZA MERAVIGLIOSA <br \/> (mocarela, tartuf, spek, gorgonxola, grana)<\/td>\n<td>850L<\/td>\n<\/tr>\n<tr>\n<td>FANTAZIA <br \/> ( mocarela, djathe I bardhe, karcof, asparagus, domate e thate, pana guzhine)<\/td>\n<td>850L<\/td>\n<\/tr>\n<tr>\n<th>VERANDA 4 GUSTO <br \/> (sallam pikant, spek, speca, miser,grana, krem tartufi, rukola, ullinj, pomodorini)<\/th>\n<th>950L<\/th>\n<\/tr>\n<tr>\n<td>BURRATA FRESCA <br \/> (mocarela, pomodorini, borzilok, brezaola, rukola)<\/td>\n<td>950L<\/td>\n<\/tr>\n<\/table>\n<\/div>\n<\/div>\n<\/div>\n<\/div>\n<\/div>\n<\/div>\n<\/div>\n<div  class=\"one\" style=\"padding:30px 0 30px 0;\" >\n<div class=\"slider_wrapper\" style=\"height:500px;\">\n<div class=\"flexslider tg_gallery\" data-height=\"500\">\n<ul class=\"slides\">\n<li><img decoding=\"async\" src=\"https:\/\/restorantveranda.al\/wp-content\/uploads\/2019\/02\/MG_5056.jpg\" alt=\"\" style=\"width:100%;\"\/>\n<div class=\"gallery_image_caption\">\n<h2><\/h2>\n<\/div>\n<\/li>\n<li><img decoding=\"async\" src=\"https:\/\/restorantveranda.al\/wp-content\/uploads\/2019\/02\/MG_5063.jpg\" alt=\"\" style=\"width:100%;\"\/>\n<div class=\"gallery_image_caption\">\n<h2><\/h2>\n<\/div>\n<\/li>\n<li><img decoding=\"async\" src=\"https:\/\/restorantveranda.al\/wp-content\/uploads\/2019\/02\/MG_5072.jpg\" alt=\"\" style=\"width:100%;\"\/>\n<div class=\"gallery_image_caption\">\n<h2><\/h2>\n<\/div>\n<\/li>\n<\/ul>\n<\/div>\n<\/div>\n<\/div>\n<div  class=\"one withsmallpadding ppb_text\" style=\"padding:30px 0 30px 0;\" >\n<div class=\"standard_wrapper\">\n<div class=\"page_content_wrapper\">\n<div class=\"inner\">\n<div style=\"margin:auto;width:100%\">\n<h5 id=kryesore>PJATA KRYESORE<\/h5>\n<\/p>\n<div class=\"tabs\">\n<ul>\n<li><a href=\"#tabs-1\">PJATA KRYESORE <\/a><\/li>\n<li><a href=\"#tabs-2\">ZGARA<\/a><\/li>\n<li><a href=\"#tabs-3\">TRADICIONALE<\/a><\/li>\n<\/ul>\n<div id=\"tabs-1\" class=\"tab_wrapper\"><br class=\"clear\"\/><\/p>\n<table>\n<tr>\n<th>PJATA KRYESORE<\/th>\n<th>CMIMI<\/th>\n<\/tr>\n<tr>\n<td>BURGER ME QOFTE PULE <br \/> (veze sy,miser,djathe i bute dhe dressing shoqeruar me patate)<\/td>\n<td>800L<\/td>\n<\/tr>\n<tr>\n<td>BURGER VERANDA <br \/> (qofte vici ,qepe e kuqe,kastravec,turshi,domate,sallate jeshile,djathe I bute,dressing dhe patate)<\/td>\n<td>850L<\/td>\n<\/tr>\n<tr>\n<td>FILETO PULE <br \/> (marinuar me soya, susam, shoqeruar me oriz basmati)<\/td>\n<td>1000L<\/td>\n<\/tr>\n<tr>\n<td>TAGLIATA PULE <br \/> ( rukola, grana padano )<\/td>\n<td>1000L<\/td>\n<\/tr>\n<tr>\n<td>SCHNITZEL ME PULE <br \/> (shoqeruar me spinaq sote dhe stika pishe)<\/td>\n<td>1100L<\/td>\n<\/tr>\n<tr>\n<td>TAGLIATA VICI <br \/> (rukola dhe grana padano)<\/td>\n<td>1150L<\/td>\n<\/tr>\n<tr>\n<td>SCHNITZEL ME MISH VICI <br \/> ( shoqeruar me spinaq sote dhe stika pishe)<\/td>\n<td>1400L<\/td>\n<\/tr>\n<tr>\n<td>FILETO LEVREKU <br \/> ( me perime te ziera )<\/td>\n<td>1350L<\/td>\n<\/tr>\n<tr>\n<td>MISH VICI OSSOBUKO ME RIZOTO MILANEZE<\/td>\n<td>1400L<\/td>\n<\/tr>\n<tr>\n<td>KARKALECA <br \/> (me kuinoa ne furre dhe limon)<\/td>\n<td>1450L<\/td>\n<\/tr>\n<tr>\n<td>FILETO SALMONI FURRE <br \/> ( me perime te ziera )<\/td>\n<td>1650L<\/td>\n<\/tr>\n<tr>\n<td>SALMON ZGARE <br \/> (me salce avokado shoqeruar me mix orizi integral)<\/td>\n<td>1650L<\/td>\n<\/tr>\n<\/table>\n<\/div>\n<div id=\"tabs-2\" class=\"tab_wrapper\"><br class=\"clear\"\/><\/p>\n<table>\n<tr>\n<th>ZGARA<\/th>\n<th>CMIMI<\/th>\n<\/tr>\n<tr>\n<td>FILETO PULE<\/td>\n<td>1000L<\/td>\n<\/tr>\n<tr>\n<td>BIFTEK VI\u00c7I<\/td>\n<td>1200L<\/td>\n<\/tr>\n<tr>\n<td>BERXOLLE VI\u00c7I<\/td>\n<td>1200L<\/td>\n<\/tr>\n<tr>\n<td>EXTRA SHOQERUAR ME PATATE FURRE<\/td>\n<td>300L<\/td>\n<\/tr>\n<tr>\n<td>EXTRA SHOQERUAR ME PERIME SOTE<\/td>\n<td>300L<\/td>\n<\/tr>\n<tr>\n<td>EXTRA SHOQERUAR ME ORIZ BASMATI<\/td>\n<td>300L<\/td>\n<\/tr>\n<\/table>\n<\/div>\n<div id=\"tabs-3\" class=\"tab_wrapper\"><br class=\"clear\"\/><\/p>\n<table>\n<tr>\n<th>TRADICIONALE<\/th>\n<th>CMIMI<\/th>\n<\/tr>\n<tr>\n<td>PERIME TE MARINUARA ME DJATHE TE BARDHE<\/td>\n<td>550 L<\/td>\n<\/tr>\n<tr>\n<td>SPINAQ FURRE<\/td>\n<td>550 L<\/td>\n<\/tr>\n<tr>\n<td>FERGESE VERORE<\/td>\n<td>550 L<\/td>\n<\/tr>\n<tr>\n<td>DJATHE I BARDHE FURRE<\/td>\n<td>550 L<\/td>\n<\/tr>\n<tr>\n<td>DJATHE KACKAVALL<\/td>\n<td>550 L<\/td>\n<\/tr>\n<tr>\n<td>QOFTE KORCE<\/td>\n<td>580 L<\/td>\n<\/tr>\n<\/table>\n<\/div>\n<\/div>\n<\/div>\n<\/div>\n<\/div>\n<\/div>\n<\/div>\n<div  class=\"one\" style=\"padding:30px 0 30px 0;\" >\n<div class=\"slider_wrapper\" style=\"height:500px;\">\n<div class=\"flexslider tg_gallery\" data-height=\"500\">\n<ul class=\"slides\">\n<li><img decoding=\"async\" src=\"https:\/\/restorantveranda.al\/wp-content\/uploads\/2019\/03\/WhatsApp-Image-2019-03-22-at-10.21.56.jpeg\" alt=\"\" style=\"width:100%;\"\/>\n<div class=\"gallery_image_caption\">\n<h2><\/h2>\n<\/div>\n<\/li>\n<li><img decoding=\"async\" src=\"https:\/\/restorantveranda.al\/wp-content\/uploads\/2019\/02\/MG_5012-1.jpg\" alt=\"\" style=\"width:100%;\"\/>\n<div class=\"gallery_image_caption\">\n<h2><\/h2>\n<\/div>\n<\/li>\n<li><img decoding=\"async\" src=\"https:\/\/restorantveranda.al\/wp-content\/uploads\/2019\/02\/MG_5028.jpg\" alt=\"\" style=\"width:100%;\"\/>\n<div class=\"gallery_image_caption\">\n<h2><\/h2>\n<\/div>\n<\/li>\n<li><img decoding=\"async\" src=\"https:\/\/restorantveranda.al\/wp-content\/uploads\/2019\/02\/MG_5159.jpg\" alt=\"\" style=\"width:100%;\"\/>\n<div class=\"gallery_image_caption\">\n<h2><\/h2>\n<\/div>\n<\/li>\n<li><img decoding=\"async\" src=\"https:\/\/restorantveranda.al\/wp-content\/uploads\/2019\/02\/MG_5217.jpg\" alt=\"\" style=\"width:100%;\"\/>\n<div class=\"gallery_image_caption\">\n<h2><\/h2>\n<\/div>\n<\/li>\n<li><img decoding=\"async\" src=\"https:\/\/restorantveranda.al\/wp-content\/uploads\/2019\/02\/MG_5270.jpg\" alt=\"\" style=\"width:100%;\"\/>\n<div class=\"gallery_image_caption\">\n<h2><\/h2>\n<\/div>\n<\/li>\n<li><img decoding=\"async\" src=\"https:\/\/restorantveranda.al\/wp-content\/uploads\/2019\/02\/supat.jpg\" alt=\"\" style=\"width:100%;\"\/>\n<div class=\"gallery_image_caption\">\n<h2><\/h2>\n<\/div>\n<\/li>\n<li><img decoding=\"async\" src=\"https:\/\/restorantveranda.al\/wp-content\/uploads\/2019\/03\/thumbnail-1.jpg\" alt=\"\" style=\"width:100%;\"\/>\n<div class=\"gallery_image_caption\">\n<h2><\/h2>\n<\/div>\n<\/li>\n<li><img decoding=\"async\" src=\"https:\/\/restorantveranda.al\/wp-content\/uploads\/2019\/02\/thumbnail-1-1.jpg\" alt=\"\" style=\"width:100%;\"\/>\n<div class=\"gallery_image_caption\">\n<h2><\/h2>\n<\/div>\n<\/li>\n<\/ul>\n<\/div>\n<\/div>\n<\/div>\n<div  class=\"one withsmallpadding ppb_text\" style=\"padding:30px 0 30px 0;\" >\n<div class=\"standard_wrapper\">\n<div class=\"page_content_wrapper\">\n<div class=\"inner\">\n<div style=\"margin:auto;width:100%\">\n<h5 id=embelsira>EMBELSIRA<\/h5>\n<\/p>\n<div class=\"tabs\">\n<ul>\n<li><a href=\"#tabs-1\">EMBELSIRA <\/a><\/li>\n<\/ul>\n<div id=\"tabs-1\" class=\"tab_wrapper\"><br class=\"clear\"\/><\/p>\n<table>\n<tr>\n<th>\u00cbMBELSIRAT<\/th>\n<th>CMIMI<\/th>\n<\/tr>\n<tr>\n<td>KREM KARAMEL<\/td>\n<td>400L<\/td>\n<\/tr>\n<tr>\n<td>PANNA COTTA ME FRUTA PYLLI<\/td>\n<td>400L<\/td>\n<\/tr>\n<tr>\n<td>CHEESE CAKE<\/td>\n<td>450L<\/td>\n<\/tr>\n<tr>\n<td>TORT ME COKOLLATE <br \/>( pa gluten shoqeruar me akullore fruta Pylli )<\/td>\n<td>450L<\/td>\n<\/tr>\n<tr>\n<td>SUFLE COKOLLATE ME AKULLORE<\/td>\n<td>500L<\/td>\n<\/tr>\n<tr>\n<td>FRUTA TE STINES <br \/> (e vogel\/e madhe)<\/td>\n<td>1000\/1200L<\/td>\n<\/tr>\n<\/table>\n<\/div>\n<\/div>\n<\/div>\n<\/div>\n<\/div>\n<\/div>\n<\/div>\n<div  class=\"one\" style=\"padding:30px 0 30px 0;\" >\n<div class=\"slider_wrapper\" style=\"height:500px;\">\n<div class=\"flexslider tg_gallery\" data-height=\"500\">\n<ul class=\"slides\">\n<li><img decoding=\"async\" src=\"https:\/\/restorantveranda.al\/wp-content\/uploads\/2019\/02\/E.jpg\" alt=\"\" style=\"width:100%;\"\/>\n<div class=\"gallery_image_caption\">\n<h2><\/h2>\n<\/div>\n<\/li>\n<li><img decoding=\"async\" src=\"https:\/\/restorantveranda.al\/wp-content\/uploads\/2019\/02\/EG.jpg\" alt=\"\" style=\"width:100%;\"\/>\n<div class=\"gallery_image_caption\">\n<h2><\/h2>\n<\/div>\n<\/li>\n<li><img decoding=\"async\" src=\"https:\/\/restorantveranda.al\/wp-content\/uploads\/2019\/02\/MG_5089.jpg\" alt=\"\" style=\"width:100%;\"\/>\n<div class=\"gallery_image_caption\">\n<h2><\/h2>\n<\/div>\n<\/li>\n<li><img decoding=\"async\" src=\"https:\/\/restorantveranda.al\/wp-content\/uploads\/2019\/02\/MG_5250-1.jpg\" alt=\"\" style=\"width:100%;\"\/>\n<div class=\"gallery_image_caption\">\n<h2><\/h2>\n<\/div>\n<\/li>\n<li><img decoding=\"async\" src=\"https:\/\/restorantveranda.al\/wp-content\/uploads\/2019\/02\/MG_5256.jpg\" alt=\"\" style=\"width:100%;\"\/>\n<div class=\"gallery_image_caption\">\n<h2><\/h2>\n<\/div>\n<\/li>\n<li><img decoding=\"async\" src=\"https:\/\/restorantveranda.al\/wp-content\/uploads\/2019\/02\/embelsira.jpg\" alt=\"\" style=\"width:100%;\"\/>\n<div class=\"gallery_image_caption\">\n<h2><\/h2>\n<\/div>\n<\/li>\n<\/ul>\n<\/div>\n<\/div>\n<\/div>\n<div class=\"divider one\">&nbsp;<\/div>\n","protected":false},"excerpt":{"rendered":"<p>M\u00ebngjesi Antipasta, Sallata, Supat Pasta &#038; Rizoto Pizza Pjata Kryesore Embelsira M\u00ebngjesi M\u00cbNGJESI EXTRA MENGJESI CMIMI OMELETE E THJESHTE 300L VEZE SY (dy kokrra) 300L OMELETE ME DJATHE 400L OMLETE ME DJATHE &#038; PROSHUTE 500L PETULLA ME RECEL DHE DJATHE [&hellip;]<\/p>\n","protected":false},"author":2,"featured_media":5086,"parent":0,"menu_order":0,"comment_status":"closed","ping_status":"closed","template":"","meta":{"footnotes":""},"class_list":["post-5081","page","type-page","status-publish","has-post-thumbnail","hentry"],"_links":{"self":[{"href":"https:\/\/restorantveranda.al\/index.php?rest_route=\/wp\/v2\/pages\/5081","targetHints":{"allow":["GET"]}}],"collection":[{"href":"https:\/\/restorantveranda.al\/index.php?rest_route=\/wp\/v2\/pages"}],"about":[{"href":"https:\/\/restorantveranda.al\/index.php?rest_route=\/wp\/v2\/types\/page"}],"author":[{"embeddable":true,"href":"https:\/\/restorantveranda.al\/index.php?rest_route=\/wp\/v2\/users\/2"}],"replies":[{"embeddable":true,"href":"https:\/\/restorantveranda.al\/index.php?rest_route=%2Fwp%2Fv2%2Fcomments&post=5081"}],"version-history":[{"count":116,"href":"https:\/\/restorantveranda.al\/index.php?rest_route=\/wp\/v2\/pages\/5081\/revisions"}],"predecessor-version":[{"id":8094,"href":"https:\/\/restorantveranda.al\/index.php?rest_route=\/wp\/v2\/pages\/5081\/revisions\/8094"}],"wp:featuredmedia":[{"embeddable":true,"href":"https:\/\/restorantveranda.al\/index.php?rest_route=\/wp\/v2\/media\/5086"}],"wp:attachment":[{"href":"https:\/\/restorantveranda.al\/index.php?rest_route=%2Fwp%2Fv2%2Fmedia&parent=5081"}],"curies":[{"name":"wp","href":"https:\/\/api.w.org\/{rel}","templated":true}]}}