{"id":4917,"date":"2019-02-11T16:01:59","date_gmt":"2019-02-11T16:01:59","guid":{"rendered":"https:\/\/restorantveranda.al\/?page_id=4917"},"modified":"2019-06-03T07:51:43","modified_gmt":"2019-06-03T07:51:43","slug":"veranda-qtu","status":"publish","type":"page","link":"https:\/\/restorantveranda.al\/?page_id=4917","title":{"rendered":"Veranda QTU"},"content":{"rendered":"<div class=\"divider one\">&nbsp;<\/div>\n<div  class=\"one\" style=\"padding:30px 0 30px 0;\" >\n<div class=\"standard_wrapper\">\n<div class=\"page_content_wrapper\">\n<div class=\"inner\">\n<div class=\"one_half\">\n<div class=\"image_classic_frame expand animate\">\n<div class=\"image_wrapper\"><a href=\"https:\/\/restorantveranda.al\/wp-content\/uploads\/2019\/02\/Untitled-1-2.jpg\" class=\"img_frame\"><img decoding=\"async\" src=\"https:\/\/restorantveranda.al\/wp-content\/uploads\/2019\/02\/Untitled-1-2.jpg\" class=\"portfolio_img\" alt=\"\"\/><\/a><\/div>\n<\/div>\n<\/div>\n<div class=\"one_half last content_middle animate\">\n<h2>Veranda<\/h2>\n<p>Restorant Veranda QTU \u00ebsht\u00eb nj\u00eb ikje nga gj\u00ebrat e zakonshme.<br \/>\nMenuja jon\u00eb me baz\u00eb mesdhetare &#038; italiane, dhe ushqimet tona t\u00eb fresk\u00ebta organike, me nj\u00eb diversitet p\u00ebr cdo preferenc\u00eb klientele, bazohet n\u00eb nj\u00eb sh\u00ebrbim t\u00eb kultuaruar dhe t\u00eb shpejt\u00eb, e mb\u00ebshtetur kjo n\u00eb nj\u00eb past\u00ebrti dhe estetik\u00eb shembullore.\n<\/div>\n<p><br class=\"clear\"\/><\/div>\n<\/div>\n<\/div>\n<\/div>\n<div id=\"ppb_header_video15595483031251613075\" class=\"one withsmallpadding ppb_header_video \" style=\"text-align:center;padding:30px 0 30px 0;;height:75vh;position:relative;\" >\n<div class=\"background_center_title_wrapper\" style=\"z-index:3;position:relative;\">\n<div class=\"title_content\"><\/div>\n<\/div>\n<\/div>\n<\/div>\n<p><script>\n\t\t    jQuery(document).ready(function(){ \n\t\t    \tjQuery(\"#ppb_header_video15595483031251613075\").vide({mp4: \"https:\/\/restorantveranda.al\/wp-content\/uploads\/2019\/04\/veranda-25-shkurt-2019.mp4\",\n\t\t    \t      volumne: 0\n\t\t    \t});\n\t\t    });\n\t\t<\/script><\/p>\n<div class=\"divider one\">&nbsp;<\/div>\n<div class=\"divider one\">&nbsp;<\/div>\n<div class=\"divider one\">&nbsp;<\/div>\n<div  class=\"one\" style=\"padding:30px 0 30px 0;\" >\n<div class=\"standard_wrapper\">\n<div class=\"page_content_wrapper\">\n<div class=\"inner\">\n<div class=\"one_half content_middle animate textright\">\n<h2>Restorant Veranda <\/h2>\n<p>Ne p\u00ebrpiqemi p\u00ebr p\u00ebrsosm\u00ebri me nj\u00eb ndjenj\u00eb t\u00eb lart\u00eb t\u00eb mikpritjes . Veranda e ka k\u00ebt\u00eb ve\u00e7ori: Po erdhe nj\u00ebher\u00eb, do t\u00eb duash t\u00eb vish gjithmon\u00eb. Ndani dashurin\u00eb p\u00ebr ushqimin tek restorantet Veranda TEG dhe QTU.<\/p><\/div>\n<div class=\"one_half last\">\n<div class=\"image_classic_frame expand animate\">\n<div class=\"image_wrapper\"><a href=\"https:\/\/restorantveranda.al\/wp-content\/uploads\/2019\/02\/0N2A5113.jpg\" class=\"img_frame\"><img decoding=\"async\" src=\"https:\/\/restorantveranda.al\/wp-content\/uploads\/2019\/02\/0N2A5113.jpg\" class=\"portfolio_img\" alt=\"\"\/><\/a><\/div>\n<\/div>\n<\/div>\n<p><br class=\"clear\"\/><\/div>\n<\/div>\n<\/div>\n<\/div>\n<div  class=\"one\">\n<div id=\"15595483031277223713\" class=\"photo_wall_wrapper shortcode withmargin\">\n<div class=\"wall_entry withmargin\">\n<div class=\"wall_thumbnail\"><a class=\"fancy-gallery\" href=\"https:\/\/restorantveranda.al\/wp-content\/uploads\/2019\/02\/0N2A5069-1.jpg\" title=\"\" ><img decoding=\"async\" src=\"https:\/\/restorantveranda.al\/wp-content\/uploads\/2019\/02\/0N2A5069-1-400x400.jpg\" alt=\"\"\/><\/a><\/div>\n<\/div>\n<div class=\"wall_entry withmargin\">\n<div class=\"wall_thumbnail\"><a class=\"fancy-gallery\" href=\"https:\/\/restorantveranda.al\/wp-content\/uploads\/2019\/02\/0N2A5086-1.jpg\" title=\"\" ><img decoding=\"async\" src=\"https:\/\/restorantveranda.al\/wp-content\/uploads\/2019\/02\/0N2A5086-1-400x400.jpg\" alt=\"\"\/><\/a><\/div>\n<\/div>\n<div class=\"wall_entry withmargin\">\n<div class=\"wall_thumbnail\"><a class=\"fancy-gallery\" href=\"https:\/\/restorantveranda.al\/wp-content\/uploads\/2019\/02\/0N2A5092.jpg\" title=\"\" ><img decoding=\"async\" src=\"https:\/\/restorantveranda.al\/wp-content\/uploads\/2019\/02\/0N2A5092-400x400.jpg\" alt=\"\"\/><\/a><\/div>\n<\/div>\n<div class=\"wall_entry withmargin\">\n<div class=\"wall_thumbnail\"><a class=\"fancy-gallery\" href=\"https:\/\/restorantveranda.al\/wp-content\/uploads\/2019\/02\/0N2A5094-4.jpg\" title=\"\" ><img decoding=\"async\" src=\"https:\/\/restorantveranda.al\/wp-content\/uploads\/2019\/02\/0N2A5094-4-400x400.jpg\" alt=\"\"\/><\/a><\/div>\n<\/div>\n<div class=\"wall_entry withmargin\">\n<div class=\"wall_thumbnail\"><a class=\"fancy-gallery\" href=\"https:\/\/restorantveranda.al\/wp-content\/uploads\/2019\/02\/0N2A5113-1.jpg\" title=\"\" ><img decoding=\"async\" src=\"https:\/\/restorantveranda.al\/wp-content\/uploads\/2019\/02\/0N2A5113-1-400x400.jpg\" alt=\"\"\/><\/a><\/div>\n<\/div>\n<div class=\"wall_entry withmargin\">\n<div class=\"wall_thumbnail\"><a class=\"fancy-gallery\" href=\"https:\/\/restorantveranda.al\/wp-content\/uploads\/2019\/02\/0N2A5136.jpg\" title=\"\" ><img decoding=\"async\" src=\"https:\/\/restorantveranda.al\/wp-content\/uploads\/2019\/02\/0N2A5136-400x400.jpg\" alt=\"\"\/><\/a><\/div>\n<\/div>\n<div class=\"wall_entry withmargin\">\n<div class=\"wall_thumbnail\"><a class=\"fancy-gallery\" href=\"https:\/\/restorantveranda.al\/wp-content\/uploads\/2019\/02\/0N2A5149-2.jpg\" title=\"\" ><img decoding=\"async\" src=\"https:\/\/restorantveranda.al\/wp-content\/uploads\/2019\/02\/0N2A5149-2-400x400.jpg\" alt=\"\"\/><\/a><\/div>\n<\/div>\n<div class=\"wall_entry withmargin\">\n<div class=\"wall_thumbnail\"><a class=\"fancy-gallery\" href=\"https:\/\/restorantveranda.al\/wp-content\/uploads\/2019\/02\/Untitled-1-3.jpg\" title=\"\" ><img decoding=\"async\" src=\"https:\/\/restorantveranda.al\/wp-content\/uploads\/2019\/02\/Untitled-1-3-400x400.jpg\" alt=\"\"\/><\/a><\/div>\n<\/div>\n<\/div>\n<\/div>\n","protected":false},"excerpt":{"rendered":"<p>&nbsp; Veranda Restorant Veranda QTU \u00ebsht\u00eb nj\u00eb ikje nga gj\u00ebrat e zakonshme. Menuja jon\u00eb me baz\u00eb mesdhetare &#038; italiane, dhe ushqimet tona t\u00eb fresk\u00ebta organike, me nj\u00eb diversitet p\u00ebr cdo preferenc\u00eb klientele, bazohet n\u00eb nj\u00eb sh\u00ebrbim t\u00eb kultuaruar dhe t\u00eb [&hellip;]<\/p>\n","protected":false},"author":2,"featured_media":4833,"parent":0,"menu_order":0,"comment_status":"closed","ping_status":"closed","template":"","meta":{"footnotes":""},"class_list":["post-4917","page","type-page","status-publish","has-post-thumbnail","hentry"],"_links":{"self":[{"href":"https:\/\/restorantveranda.al\/index.php?rest_route=\/wp\/v2\/pages\/4917","targetHints":{"allow":["GET"]}}],"collection":[{"href":"https:\/\/restorantveranda.al\/index.php?rest_route=\/wp\/v2\/pages"}],"about":[{"href":"https:\/\/restorantveranda.al\/index.php?rest_route=\/wp\/v2\/types\/page"}],"author":[{"embeddable":true,"href":"https:\/\/restorantveranda.al\/index.php?rest_route=\/wp\/v2\/users\/2"}],"replies":[{"embeddable":true,"href":"https:\/\/restorantveranda.al\/index.php?rest_route=%2Fwp%2Fv2%2Fcomments&post=4917"}],"version-history":[{"count":51,"href":"https:\/\/restorantveranda.al\/index.php?rest_route=\/wp\/v2\/pages\/4917\/revisions"}],"predecessor-version":[{"id":7213,"href":"https:\/\/restorantveranda.al\/index.php?rest_route=\/wp\/v2\/pages\/4917\/revisions\/7213"}],"wp:featuredmedia":[{"embeddable":true,"href":"https:\/\/restorantveranda.al\/index.php?rest_route=\/wp\/v2\/media\/4833"}],"wp:attachment":[{"href":"https:\/\/restorantveranda.al\/index.php?rest_route=%2Fwp%2Fv2%2Fmedia&parent=4917"}],"curies":[{"name":"wp","href":"https:\/\/api.w.org\/{rel}","templated":true}]}}