{"id":4875,"date":"2019-02-11T13:43:22","date_gmt":"2019-02-11T13:43:22","guid":{"rendered":"https:\/\/restorantveranda.al\/?page_id=4875"},"modified":"2019-02-27T13:03:34","modified_gmt":"2019-02-27T13:03:34","slug":"eksperience","status":"publish","type":"page","link":"https:\/\/restorantveranda.al\/?page_id=4875","title":{"rendered":"Eksperienca"},"content":{"rendered":"<div  class=\"one withsmallpadding ppb_header \" style=\"background-position: center top;text-align:center;padding:30px 0 30px 0;\" >\n<div class=\"standard_wrapper\">\n<div class=\"page_content_wrapper\">\n<div class=\"inner\">\n<div class=\"page_header_sep center\"><\/div>\n<div class=\"social_wrapper shortcode dark \">\n<ul>\n<li class=\"facebook\"><a target=\"_blank\" title=\"Facebook\" href=\"https:\/\/www.facebook.com\/restorantveranda\/\"><i class=\"fa fa-facebook\"><\/i><\/a><\/li>\n<li class=\"instagram\"><a target=\"_blank\" title=\"Instagram\" href=\"http:\/\/instagram.com\/https:\/\/www.instagram.com\/restorant.veranda\/\"><i class=\"fa fa-instagram\"><\/i><\/a><\/li>\n<\/ul>\n<\/div>\n<h2 style=\"font-size: 2rem !important; text-transform: uppercase !important; letter-spacing:2px !important;font-weight: 400 !important;\">Koncept<\/h2>\n<p style=\"font-weight: 300;font-size: 24px;letter-spacing: 1px; color: black;\">\u201cShijoni pjatat e ve\u00e7anta t\u00eb kuzhin\u00ebs ton\u00eb me baz\u00eb italiane dhe picat e shk\u00eblqyera me furr\u00eb druri, relaksohuni n\u00eb ambjentet tona, shijoni nj\u00eb koktejl n\u00eb verand\u00ebn ton\u00eb dhe ju sigurojm\u00eb q\u00eb nuk do t\u00eb mbeteni t\u00eb zhg\u00ebnjyer. \u201cVeranda\u201d e ka k\u00ebt\u00eb ve\u00e7ori: Po erdhe nj\u00ebher\u00eb, do t\u00eb duash t\u00eb vish gjithmon\u00eb.\u201d<\/p>\n<\/div>\n<\/div>\n<\/div>\n<\/div>\n<div  class=\"one withsmallpadding ppb_content_half_bg withbg \" style=\"background-image:url(https:\/\/restorantveranda.al\/wp-content\/uploads\/2019\/02\/4.png);background-position: center top;padding:250px 0 250px 0;\" >\n<div class=\"standard_wrapper\">\n<div class=\"page_content_wrapper\">\n<div class=\"inner\">\n<div class=\"one_half_bg\" style=\"background:#ffffff;background:rgb(255,255,255,0.6);background:rgba(255,255,255,0.6);\">\n<h2 class=\"ppb_title\" style=\"\">Veranda<\/h2>\n<div class=\"page_header_sep left\" ><\/div>\n<p>Kushdo \u00ebsht\u00eb i mir\u00ebpritur n\u00eb restorantin Veranda dhe kushdo e gjen veten. Qoft\u00eb nj\u00eb \u00e7ift i dashuruar me k\u00ebndin e tyre m\u00eb t\u00eb ve\u00e7ant\u00eb intim; qoft\u00eb nj\u00eb drek\u00eb a dark\u00eb familjare, korporatash apo dhe nj\u00eb grup shoq\u00ebror q\u00eb d\u00ebshirojn\u00eb t\u00eb pin\u00eb nj\u00eb koktejl dhe t\u00eb relaksohen n\u00ebn tingujt e muzik\u00ebs. Por mbi t\u00eb gjitha familjar\u00ebt, f\u00ebmijet t\u00eb cil\u00ebt kan\u00eb k\u00ebndin e tyre t\u00eb lojrave n\u00eb dispozicion, nj\u00eb menu t\u00eb tyren me vizatime dhe lojra t\u00eb ndryshme p\u00ebr ti mbajtur t\u00eb stimuluar dhe nje menu t\u00eb ve\u00e7ante me ushqime t\u00eb shum\u00ebllojshme dhe pica me forma t\u00eb ndryshme.<\/p>\n<\/div>\n<\/div>\n<\/div>\n<\/div>\n<\/div>\n<div class=\"divider one\">&nbsp;<\/div>\n<div class=\"divider one\">&nbsp;<\/div>\n<div  class=\"one withsmallpadding ppb_content_half_bg withbg \" style=\"background-image:url(https:\/\/restorantveranda.al\/wp-content\/uploads\/2019\/02\/3-1.png);background-position: center top;padding:250px 0 250px 0;\" >\n<div class=\"standard_wrapper\">\n<div class=\"page_content_wrapper\">\n<div class=\"inner\">\n<div class=\"one_half_bg floatright\" style=\"background:#ffffff;background:rgb(255,255,255,0.6);background:rgba(255,255,255,0.6);\">\n<h2 class=\"ppb_title\" style=\"\">Piceria<\/h2>\n<div class=\"page_header_sep left\" ><\/div>\n<p><strong>KUZHINA ME BAZ<b style=\"color: #222222;\">\u00cb\u00a0<\/b><\/strong><strong>ITALIANE DHE PICA ME FURR<b style=\"color: #222222;\">\u00cb<\/b> DRURI<\/strong><\/p>\n<p>Provoni kuzhinen ton\u00eb me baze italine dhe picat e shk\u00eblqyera me furr\u00eb druri, relaksohuni n\u00eb ambjentet tona, shijoni nj\u00eb koktejl n\u00eb verand\u00ebn ton\u00eb dhe ju sigurojm\u00eb q\u00eb nuk do t\u00eb mbeteni t\u00eb zhg\u00ebnjyer.<br \/>\nVeranda e ka k\u00ebt\u00eb ve\u00e7ori: Po erdhe nj\u00ebher\u00eb, do t\u00eb duash t\u00eb vish gjithmon\u00eb.<\/p>\n<\/div>\n<\/div>\n<\/div>\n<\/div>\n<\/div>\n<div class=\"divider one\">&nbsp;<\/div>\n<div class=\"divider one\">&nbsp;<\/div>\n","protected":false},"excerpt":{"rendered":"<p>Koncept \u201cShijoni pjatat e ve\u00e7anta t\u00eb kuzhin\u00ebs ton\u00eb me baz\u00eb italiane dhe picat e shk\u00eblqyera me furr\u00eb druri, relaksohuni n\u00eb ambjentet tona, shijoni nj\u00eb koktejl n\u00eb verand\u00ebn ton\u00eb dhe ju sigurojm\u00eb q\u00eb nuk do t\u00eb mbeteni t\u00eb zhg\u00ebnjyer. \u201cVeranda\u201d e [&hellip;]<\/p>\n","protected":false},"author":2,"featured_media":4649,"parent":0,"menu_order":0,"comment_status":"closed","ping_status":"closed","template":"","meta":{"footnotes":""},"class_list":["post-4875","page","type-page","status-publish","has-post-thumbnail","hentry"],"_links":{"self":[{"href":"https:\/\/restorantveranda.al\/index.php?rest_route=\/wp\/v2\/pages\/4875","targetHints":{"allow":["GET"]}}],"collection":[{"href":"https:\/\/restorantveranda.al\/index.php?rest_route=\/wp\/v2\/pages"}],"about":[{"href":"https:\/\/restorantveranda.al\/index.php?rest_route=\/wp\/v2\/types\/page"}],"author":[{"embeddable":true,"href":"https:\/\/restorantveranda.al\/index.php?rest_route=\/wp\/v2\/users\/2"}],"replies":[{"embeddable":true,"href":"https:\/\/restorantveranda.al\/index.php?rest_route=%2Fwp%2Fv2%2Fcomments&post=4875"}],"version-history":[{"count":28,"href":"https:\/\/restorantveranda.al\/index.php?rest_route=\/wp\/v2\/pages\/4875\/revisions"}],"predecessor-version":[{"id":5983,"href":"https:\/\/restorantveranda.al\/index.php?rest_route=\/wp\/v2\/pages\/4875\/revisions\/5983"}],"wp:featuredmedia":[{"embeddable":true,"href":"https:\/\/restorantveranda.al\/index.php?rest_route=\/wp\/v2\/media\/4649"}],"wp:attachment":[{"href":"https:\/\/restorantveranda.al\/index.php?rest_route=%2Fwp%2Fv2%2Fmedia&parent=4875"}],"curies":[{"name":"wp","href":"https:\/\/api.w.org\/{rel}","templated":true}]}}